{"id":3083,"date":"2023-05-01T18:07:46","date_gmt":"2023-05-01T16:07:46","guid":{"rendered":"https:\/\/klangraumarchitektur.ch\/comprendre-les-espaces-sonores\/"},"modified":"2025-10-06T09:48:43","modified_gmt":"2025-10-06T07:48:43","slug":"comprendre-les-espaces-sonores","status":"publish","type":"page","link":"https:\/\/klangraumarchitektur.ch\/fr\/comprendre-les-espaces-sonores\/","title":{"rendered":"Comprendre les espaces sonores"},"content":{"rendered":"<div class=\"wpb-content-wrapper\"><p>[vc_row][vc_column width=&#8221;8\/12&#8243;][vc_custom_heading auto_text=&#8221;yes&#8221; heading_semantic=&#8221;h1&#8243; text_size=&#8221;h1&#8243; uncode_shortcode_id=&#8221;101108&#8243;]This is a custom heading element.[\/vc_custom_heading][vc_empty_space empty_h=&#8221;1&#8243;][vc_column_text uncode_shortcode_id=&#8221;561161&#8243;]Si la beaut\u00e9 est dans les yeux de celui qui regarde, le son est-il dans les oreilles de celui qui \u00e9coute ?<\/p>\n<p>Certes, notre \u00e9coute &#8211; ou plus pr\u00e9cis\u00e9ment notre r\u00e9action \u00e0 ce que nous entendons &#8211; est effectivement influenc\u00e9e par notre personne, notre situation, notre \u00e9tat d&#8217;esprit etc. La pr\u00e9sence d&#8217;enfants bruyants en est un exemple parfait. Les enfants font partie de notre vie, y compris dans l&#8217;espace public. Mais les r\u00e9actions au bruit des enfants &#8211; qu&#8217;ils soient joyeux, qu&#8217;ils pleurnichent ou m\u00eame se disputent de mani\u00e8re agressive &#8211; sont tr\u00e8s diff\u00e9rentes et d\u00e9pendent de divers facteurs, notamment :   <\/p>\n<ul>\n<li>de s&#8217;il s&#8217;agit de nos enfants ou de ceux d&#8217;autrui (relation avec la source) ;<\/li>\n<li>de si nous sommes tol\u00e9rants envers les enfants par conviction (attitude de base) ;<\/li>\n<li>de si nous sommes d\u00e9tendus et tol\u00e9rants ou stress\u00e9s et sensibles (humeur) ;<\/li>\n<li>de si nous avons la possibilit\u00e9, si n\u00e9cessaire, de nous en \u00e9loigner (possibilit\u00e9 d&#8217;action) ;<\/li>\n<li>de si le bruit ne fait que nous d\u00e9ranger ou nous emp\u00eache de poursuivre une activit\u00e9 comme la lecture (contrainte).<\/li>\n<\/ul>\n<p>Ind\u00e9pendamment de tous ces facteurs individuels ou temporaires, il existe n\u00e9anmoins de nombreux points communs dans la mani\u00e8re dont nous r\u00e9agissons aux bruits, qui d\u00e9coulent de la fonction originelle de l&#8217;ou\u00efe. Comme le d\u00e9crit la fiche d&#8217;information \u00c9coute dans l&#8217;espace sonore &#8211; QUOI, COMMENT, O\u00d9, notre r\u00e9action ne d\u00e9pend pas uniquement de la source du bruit (QUOI), mais \u00e9galement du son (COMMENT) et de l&#8217;espace (O\u00d9). <\/p>\n<p><span class=\"pdf\"><a href=\"https:\/\/klangraumarchitektur.ch\/wp-content\/uploads\/Hoeren_im_Klangraum_fr.pdf\" target=\"_blank\" rel=\"noopener\">\u00c9coute dans l&#8217;espace sonore : QUOI, COMMENT, O\u00d9<\/a><\/span>[\/vc_column_text][\/vc_column][vc_column column_width_percent=&#8221;100&#8243; position_vertical=&#8221;bottom&#8221; gutter_size=&#8221;3&#8243; overlay_alpha=&#8221;50&#8243; shift_x=&#8221;0&#8243; shift_y=&#8221;0&#8243; shift_y_down=&#8221;0&#8243; z_index=&#8221;0&#8243; medium_width=&#8221;0&#8243; mobile_width=&#8221;0&#8243; width=&#8221;4\/12&#8243; uncode_shortcode_id=&#8221;138955&#8243;][\/vc_column][\/vc_row][vc_row][vc_column width=&#8221;8\/12&#8243;][vc_column_text uncode_shortcode_id=&#8221;188006&#8243;]<\/p>\n<h2>\u00c9coute et repos<br \/><\/h2>\n<p>Allons-nous dans un parc pour \u00e9couter ? Non, nous voulons nous y reposer et \u00e9chapper au tumulte de la ville. Mais m\u00eame si nous ne les \u00e9coutons pas consciemment, les bruits influencent notre bien-\u00eatre. Les bruits naturels tels que le gazouillis des oiseaux (surtout lorsqu&#8217;il est vari\u00e9), le bruissement des feuilles, le son de l&#8217;eau, mais aussi les voix humaines discr\u00e8tes ont un effet reposant. Pour bien faire, ces bruits devraient couvrir le bruit omnipr\u00e9sent de la civilisation. Le sol et le bruit des pas sur celui-ci doivent r\u00e9sonner de mani\u00e8re naturelle et non pas de fa\u00e7on dure et technique. Le son doit \u00eatre r\u00e9fl\u00e9chi de mani\u00e8re dispers\u00e9e &#8211; comme dans une for\u00eat (et non pas renvoy\u00e9 comme par une fa\u00e7ade en verre). Les r\u00e9flexions sur les murs ou les parois doivent soutenir les sons souhait\u00e9s, \u00e0 l&#8217;image d&#8217;une salle de concert qui fait r\u00e9sonner la musique. Et si, de temps en temps, un signal sonore particulier &#8211; par exemple une corne de bateau venant du lac &#8211; nous fait dresser l&#8217;oreille, ce n&#8217;en est que plus agr\u00e9able.[\/vc_column_text][\/vc_column][vc_column column_width_percent=&#8221;100&#8243; position_vertical=&#8221;bottom&#8221; gutter_size=&#8221;3&#8243; overlay_alpha=&#8221;50&#8243; shift_x=&#8221;0&#8243; shift_y=&#8221;0&#8243; shift_y_down=&#8221;0&#8243; z_index=&#8221;0&#8243; medium_width=&#8221;0&#8243; mobile_width=&#8221;0&#8243; width=&#8221;4\/12&#8243; uncode_shortcode_id=&#8221;138955&#8243;][\/vc_column][\/vc_row][vc_row][vc_column width=&#8221;8\/12&#8243;][vc_column_text uncode_shortcode_id=&#8221;202360&#8243;]<\/p>\n<h2>\u00c9coute et d\u00e9rangement <br \/><\/h2>\n<p>Mais il est tout aussi important qu&#8217;un environnement permette d&#8217;y poursuivre nos activit\u00e9s. Dans un lieu de d\u00e9tente, nous voulons pouvoir discuter sans effort, sans \u00eatre g\u00ean\u00e9s par le bruit, mais aussi sans craindre que des personnes non concern\u00e9es dans les environs puissent entendre notre conversation. Il doit \u00e9galement \u00eatre possible de lire un livre. Les enfants doivent pouvoir jouer sans d\u00e9ranger les autres de mani\u00e8re excessive. Enfin, nous voulons nous sentir en s\u00e9curit\u00e9. Sur un banc public, nous voulons pouvoir entendre les pas d&#8217;une personne s&#8217;approchant derri\u00e8re nous. Et nous voulons pouvoir reconna\u00eetre o\u00f9 et \u00e0 quelle distance se trouve une moto.      <\/p>\n<p>Ce que nous attendons &#8211; m\u00eame inconsciemment &#8211; d&#8217;un lieu de d\u00e9tente en zone urbaine d\u00e9finit les exigences acoustiques que nous avons vis-\u00e0vis d&#8217;un parc, d&#8217;une place publique ou d&#8217;une cour int\u00e9rieure.[\/vc_column_text][\/vc_column][vc_column column_width_percent=&#8221;100&#8243; position_vertical=&#8221;bottom&#8221; gutter_size=&#8221;3&#8243; overlay_alpha=&#8221;50&#8243; shift_x=&#8221;0&#8243; shift_y=&#8221;0&#8243; shift_y_down=&#8221;0&#8243; z_index=&#8221;0&#8243; medium_width=&#8221;0&#8243; mobile_width=&#8221;0&#8243; width=&#8221;4\/12&#8243; uncode_shortcode_id=&#8221;138955&#8243;][\/vc_column][\/vc_row][vc_row row_height_percent=&#8221;0&#8243; back_color=&#8221;color-xsdn&#8221; overlay_alpha=&#8221;50&#8243; gutter_size=&#8221;3&#8243; column_width_percent=&#8221;100&#8243; shift_y=&#8221;0&#8243; z_index=&#8221;0&#8243; uncode_shortcode_id=&#8221;139954&#8243; back_color_type=&#8221;uncode-palette&#8221;][vc_column column_width_percent=&#8221;100&#8243; gutter_size=&#8221;3&#8243; back_color=&#8221;color-66c77a&#8221; overlay_alpha=&#8221;50&#8243; shift_x=&#8221;0&#8243; shift_y=&#8221;0&#8243; shift_y_down=&#8221;0&#8243; z_index=&#8221;0&#8243; medium_width=&#8221;0&#8243; mobile_width=&#8221;0&#8243; width=&#8221;8\/12&#8243; uncode_shortcode_id=&#8221;361158&#8243; back_color_type=&#8221;uncode-palette&#8221;][vc_column_text uncode_shortcode_id=&#8221;959492&#8243;]<\/p>\n<h2><strong>12 crit\u00e8res pour une qualit\u00e9 sonore reposante<\/strong><\/h2>\n<p>[\/vc_column_text][vc_empty_space empty_h=&#8221;0&#8243;][vc_column_text uncode_shortcode_id=&#8221;195624&#8243;]<\/p>\n<h4>Situation g\u00e9n\u00e9rale, calme<\/h4>\n<p>Le lieu est-il per\u00e7u comme calme, nettement plus calme que les alentours ?<\/p>\n<h4>Bruits dominants<\/h4>\n<p>Les bruits naturels ou pr\u00e9-industriels sont-ils pr\u00e9dominants par rapport aux bruits techniques ?<\/p>\n<h4>Diversit\u00e9 des bruits &#8211; diversit\u00e9 des sons<\/h4>\n<p>Trouve-t-on une vari\u00e9t\u00e9 de bruits positifs : chants d&#8217;oiseaux, voix humaines, bruits d&#8217;eau, &#8230; ?<\/p>\n<h4>Facilit\u00e9 de communication<\/h4>\n<p>Une conversation personnelle est-elle possible sans effort tout en pr\u00e9servant l&#8217;intimit\u00e9 \u00e0 distance ?<\/p>\n<h4>Compatibilit\u00e9 acoustique des utilisations<\/h4>\n<p>La mise en place de s\u00e9parations ou la distance entre les diff\u00e9rentes activit\u00e9s permettent-elles d&#8217;\u00e9viter ou de limiter les perturbations mutuelles ?<\/p>\n<h4>Propagation du son et r\u00e9flexions<\/h4>\n<p>Existe-t-il une protection contre le bruit ext\u00e9rieur et y a-t-il des r\u00e9flexions agr\u00e9ables (diffuses) int\u00e9rieures, mais pas d&#8217;\u00e9cho flottant ?<\/p>\n<h4>Localisation en termes de direction et de distance<\/h4>\n<p>La provenance des bruit d&#8217;objets critiques est-elle identifiable ou y a-t-il des r\u00e9flexions irritantes ?[\/vc_column_text][vc_column_text uncode_shortcode_id=&#8221;156991&#8243;]<\/p>\n<h4>Bruits d&#8217;eau<\/h4>\n<p>Les bruits d&#8217;eau tels que les gouttes, le clapotis, le ruissellement ou le bruissement valorisent-ils le paysage sonore sans le perturber ?<\/p>\n<h4>Sources sonores particuli\u00e8res<\/h4>\n<p>Des objets d&#8217;art sonores, des jeux sonores ou d&#8217;autres sources sonores artificielles enrichissent-ils le lieu sans d\u00e9ranger les personnes pr\u00e9sentes ?<\/p>\n<h4>S\u00e9curit\u00e9 vis-\u00e0-vis de perturbations sur les lieux<\/h4>\n<p>Les lieux sont-ils prot\u00e9g\u00e9s contre les perturbations flagrantes (par exemple le passage d&#8217;une moto sur une place) ?<\/p>\n<h4>Choix de l&#8217;espace sonore<\/h4>\n<p>Y a-t-il la possibilit\u00e9 de choisir entre diff\u00e9rents espaces sonores (p. ex. calmes, anim\u00e9s) sur des distances courtes ? (Crit\u00e8re bonus) <\/p>\n<h4>Caract\u00e8re unique, reconnaissable<\/h4>\n<p>Les lieux sont-ils reconnaissables gr\u00e2ce \u00e0 des sons typiques (soundmarks) per\u00e7us comme positifs ? (Crit\u00e8re bonus)[\/vc_column_text][\/vc_column][vc_column width=&#8221;4\/12&#8243;][vc_single_image media=&#8221;2965&#8243; media_width_percent=&#8221;100&#8243; uncode_shortcode_id=&#8221;211639&#8243;][\/vc_column][\/vc_row][vc_row row_height_percent=&#8221;0&#8243; overlay_alpha=&#8221;50&#8243; gutter_size=&#8221;3&#8243; column_width_percent=&#8221;100&#8243; shift_y=&#8221;0&#8243; z_index=&#8221;0&#8243; uncode_shortcode_id=&#8221;681695&#8243;][vc_column width=&#8221;8\/12&#8243;][vc_empty_space empty_h=&#8221;0&#8243;][vc_column_text uncode_shortcode_id=&#8221;963222&#8243;]https:\/\/www.youtube.com\/watch?v=DSWxhqjUxLE[\/vc_column_text][\/vc_column][vc_column column_width_percent=&#8221;100&#8243; position_vertical=&#8221;middle&#8221; gutter_size=&#8221;3&#8243; overlay_alpha=&#8221;50&#8243; shift_x=&#8221;0&#8243; shift_y=&#8221;0&#8243; shift_y_down=&#8221;0&#8243; z_index=&#8221;0&#8243; medium_width=&#8221;0&#8243; mobile_width=&#8221;0&#8243; width=&#8221;4\/12&#8243; uncode_shortcode_id=&#8221;150052&#8243;][vc_column_text uncode_shortcode_id=&#8221;152078&#8243;]\u00c0 l&#8217;exemple de l&#8217;ancien jardin botanique de Zurich, la vid\u00e9o \u00ab L&#8217;\u00e9coute dans le parc : 12 crit\u00e8res pour une qualit\u00e9 sonore reposante \u00bb illustre ce que ces crit\u00e8res peuvent repr\u00e9senter concr\u00e8tement dans un grand parc urbain.[\/vc_column_text][\/vc_column][\/vc_row][vc_row row_height_percent=&#8221;0&#8243; overlay_alpha=&#8221;50&#8243; gutter_size=&#8221;3&#8243; column_width_percent=&#8221;100&#8243; shift_y=&#8221;0&#8243; z_index=&#8221;0&#8243; desktop_visibility=&#8221;yes&#8221; medium_visibility=&#8221;yes&#8221; mobile_visibility=&#8221;yes&#8221; uncode_shortcode_id=&#8221;126976&#8243;][vc_column width=&#8221;8\/12&#8243;][vc_column_text uncode_shortcode_id=&#8221;871895&#8243;]<\/p>\n<h2><strong>12 crit\u00e8res pour une qualit\u00e9 sonore reposante<\/strong><\/h2>\n<p>[\/vc_column_text][vc_row_inner][vc_column_inner width=&#8221;1\/2&#8243;][vc_column_text uncode_shortcode_id=&#8221;131340&#8243;]<\/p>\n<h5>Situation g\u00e9n\u00e9rale, calme<\/h5>\n<h6>Le lieu est-il per\u00e7u comme calme, nettement plus calme que les alentours ?<\/h6>\n<p>[\/vc_column_text][\/vc_column_inner][vc_column_inner width=&#8221;1\/2&#8243;][vc_column_text uncode_shortcode_id=&#8221;177280&#8243;]<\/p>\n<h4>Localisation en termes de direction et de distance<\/h4>\n<p>La provenance des bruit d&#8217;objets critiques est-elle identifiable ou y a-t-il des r\u00e9flexions irritantes ?[\/vc_column_text][\/vc_column_inner][\/vc_row_inner][vc_row_inner][vc_column_inner width=&#8221;1\/2&#8243;][vc_column_text uncode_shortcode_id=&#8221;227542&#8243;]<\/p>\n<h4>Bruits dominants<\/h4>\n<p>Les bruits naturels ou pr\u00e9-industriels sont-ils pr\u00e9dominants par rapport aux bruits techniques ?[\/vc_column_text][\/vc_column_inner][vc_column_inner width=&#8221;1\/2&#8243;][vc_column_text uncode_shortcode_id=&#8221;124417&#8243;]<\/p>\n<h4>Bruits d&#8217;eau<\/h4>\n<p>Les bruits d&#8217;eau tels que les gouttes, le clapotis, le ruissellement ou le bruissement valorisent-ils le paysage sonore sans le perturber ?[\/vc_column_text][\/vc_column_inner][\/vc_row_inner][vc_row_inner][vc_column_inner width=&#8221;1\/2&#8243;][vc_column_text uncode_shortcode_id=&#8221;385659&#8243;]<\/p>\n<h4>Diversit\u00e9 des bruits &#8211; diversit\u00e9 des sons<\/h4>\n<p>Trouve-t-on une vari\u00e9t\u00e9 de bruits positifs : chants d&#8217;oiseaux, voix humaines, bruits d&#8217;eau, &#8230; ?[\/vc_column_text][\/vc_column_inner][vc_column_inner width=&#8221;1\/2&#8243;][vc_column_text uncode_shortcode_id=&#8221;114491&#8243;]<\/p>\n<h4>Sources sonores particuli\u00e8res<\/h4>\n<p>Des objets d&#8217;art sonores, des jeux sonores ou d&#8217;autres sources sonores artificielles enrichissent-ils le lieu sans d\u00e9ranger les personnes pr\u00e9sentes ?[\/vc_column_text][\/vc_column_inner][\/vc_row_inner][vc_row_inner][vc_column_inner width=&#8221;1\/2&#8243;][vc_column_text uncode_shortcode_id=&#8221;904869&#8243;]<\/p>\n<h4>Facilit\u00e9 de communication<\/h4>\n<p>Une conversation personnelle est-elle possible sans effort tout en pr\u00e9servant l&#8217;intimit\u00e9 \u00e0 distance ?[\/vc_column_text][\/vc_column_inner][vc_column_inner width=&#8221;1\/2&#8243;][vc_column_text uncode_shortcode_id=&#8221;140380&#8243;]<\/p>\n<h4>S\u00e9curit\u00e9 vis-\u00e0-vis de perturbations sur les lieux<\/h4>\n<p>Les lieux sont-ils prot\u00e9g\u00e9s contre les perturbations flagrantes (par exemple le passage d&#8217;une moto sur une place) ?[\/vc_column_text][\/vc_column_inner][\/vc_row_inner][vc_row_inner][vc_column_inner width=&#8221;1\/2&#8243;][vc_column_text uncode_shortcode_id=&#8221;105655&#8243;]<\/p>\n<h4>Compatibilit\u00e9 acoustique des utilisations<\/h4>\n<p>La mise en place de s\u00e9parations ou la distance entre les diff\u00e9rentes activit\u00e9s permettent-elles d&#8217;\u00e9viter ou de limiter les perturbations mutuelles ?[\/vc_column_text][\/vc_column_inner][vc_column_inner width=&#8221;1\/2&#8243;][vc_column_text uncode_shortcode_id=&#8221;285590&#8243;]<\/p>\n<h4>Choix de l&#8217;espace sonore<\/h4>\n<p>Y a-t-il la possibilit\u00e9 de choisir entre diff\u00e9rents espaces sonores (p. ex. calmes, anim\u00e9s) sur des distances courtes ? (Crit\u00e8re bonus)[\/vc_column_text][\/vc_column_inner][\/vc_row_inner][vc_row_inner][vc_column_inner width=&#8221;1\/2&#8243;][vc_column_text uncode_shortcode_id=&#8221;282717&#8243;]<\/p>\n<h4>Propagation du son et r\u00e9flexions<\/h4>\n<p>Existe-t-il une protection contre le bruit ext\u00e9rieur et y a-t-il des r\u00e9flexions agr\u00e9ables (diffuses) int\u00e9rieures, mais pas d&#8217;\u00e9cho flottant ?[\/vc_column_text][\/vc_column_inner][vc_column_inner width=&#8221;1\/2&#8243;][vc_column_text uncode_shortcode_id=&#8221;153235&#8243;]<\/p>\n<h4>Caract\u00e8re unique, reconnaissable<\/h4>\n<p>Les lieux sont-ils reconnaissables gr\u00e2ce \u00e0 des sons typiques (soundmarks) per\u00e7us comme positifs ? (Crit\u00e8re bonus)[\/vc_column_text][\/vc_column_inner][\/vc_row_inner][vc_column_text uncode_shortcode_id=&#8221;152078&#8243;]\u00c0 l&#8217;exemple de l&#8217;ancien jardin botanique de Zurich, la vid\u00e9o \u00ab L&#8217;\u00e9coute dans le parc : 12 crit\u00e8res pour une qualit\u00e9 sonore reposante \u00bb illustre ce que ces crit\u00e8res peuvent repr\u00e9senter concr\u00e8tement dans un grand parc urbain.[\/vc_column_text][vc_column_text uncode_shortcode_id=&#8221;963222&#8243;]https:\/\/www.youtube.com\/watch?v=DSWxhqjUxLE[\/vc_column_text][\/vc_column][vc_column column_width_percent=&#8221;100&#8243; position_vertical=&#8221;bottom&#8221; gutter_size=&#8221;3&#8243; overlay_alpha=&#8221;50&#8243; shift_x=&#8221;0&#8243; shift_y=&#8221;0&#8243; shift_y_down=&#8221;0&#8243; z_index=&#8221;0&#8243; medium_width=&#8221;0&#8243; mobile_width=&#8221;0&#8243; width=&#8221;4\/12&#8243; uncode_shortcode_id=&#8221;138955&#8243;][\/vc_column][\/vc_row][vc_row][vc_column width=&#8221;8\/12&#8243;][vc_column_text uncode_shortcode_id=&#8221;190069&#8243;]<\/p>\n<h2>\u00c9valuation de la qualit\u00e9 sonore des lieux de d\u00e9tente en milieu urbain<\/h2>\n<p>Le formulaire d&#8217;\u00e9valuation du Cercle Bruit Suisse \u00e9num\u00e8re, pour chacun des crit\u00e8res ci-dessus, des exemples de caract\u00e9ristiques positives et n\u00e9gatives qui peuvent aider \u00e0 l&#8217;\u00e9valuation. L&#8217;\u00e9valuation se fait selon cinq niveaux allant de \u00ab tr\u00e8s mauvais \u00bb \u00e0 \u00ab tr\u00e8s bon \u00bb. Le niveau moyen correspond \u00e0 une \u00e9valuation \u00ab neutre \u00bb ou \u00e0 un crit\u00e8re \u00ab non applicable \u00bb. Les crit\u00e8res bonus ne peuvent pas \u00eatre \u00e9valu\u00e9s n\u00e9gativement.   <\/p>\n<p><span class=\"pdf\"><a href=\"https:\/\/www.cerclebruit.ch\/studies\/klangraum\/beurteilung_klangqualitaet_formular_fr.pdf\" target=\"_blank\" rel=\"noopener\">\u00c9valuation de la qualit\u00e9 sonore<\/a><\/span><\/p>\n<p>Le meilleur moment pour l&#8217;\u00e9valuation sonore d&#8217;un lieu est l&#8217;heure de midi, lorsque de nombreuses personnes y passent leur pause. Tout d&#8217;abord, il convient d&#8217;\u00e9couter les yeux ferm\u00e9s pendant quelques minutes afin de prendre conscience de comment sonne le lieu en question. Ensuite, chaque crit\u00e8re fait l&#8217;objet d&#8217;une \u00e9valuation et le constat principal est not\u00e9. Ainsi, les points forts et les points faibles du lieu apparaissent clairement.   <\/p>\n<p>Le formulaire d&#8217;\u00e9valuation permet \u00e9galement de classer la qualit\u00e9 sonore globale sur une \u00e9chelle de 1 (inutilisable) \u00e0 6 (tr\u00e8s bonne). Il ne faut \u00e9videmment pas attendre d&#8217;une place \u00e0 forte circulation qu&#8217;elle obtienne la note \u00e9lev\u00e9e d&#8217;un grand parc urbain. <\/p>\n<p>Pour pouvoir proc\u00e9der \u00e0 une telle classification, il est toutefois n\u00e9cessaire de s&#8217;\u00eatre familiaris\u00e9 au pr\u00e9alable avec l&#8217;\u00e9chelle d&#8217;\u00e9valuation dans un lieu de r\u00e9f\u00e9rence aussi semblable que possible au lieu \u00e0 \u00e9valuer et dont l&#8217;\u00e9valuation est connue. Ce n&#8217;est qu&#8217;\u00e0 ce moment-l\u00e0 que l&#8217;on est en mesure de proc\u00e9der \u00e0 sa propre \u00e9valuation. Celle-ci constitue alors la base pour des am\u00e9liorations au niveau de l&#8217;am\u00e9nagement.  <\/p>\n<p>Une telle \u00e9valuation est donn\u00e9e pour les neuf exemples de situations. Ainsi, chacun de ces lieux peut \u00e9galement servir de r\u00e9f\u00e9rence pour une propre \u00e9valuation.[\/vc_column_text][\/vc_column][vc_column column_width_percent=&#8221;100&#8243; position_vertical=&#8221;bottom&#8221; gutter_size=&#8221;3&#8243; overlay_alpha=&#8221;50&#8243; shift_x=&#8221;0&#8243; shift_y=&#8221;0&#8243; shift_y_down=&#8221;0&#8243; z_index=&#8221;0&#8243; medium_width=&#8221;0&#8243; mobile_width=&#8221;0&#8243; width=&#8221;4\/12&#8243; uncode_shortcode_id=&#8221;138955&#8243;][\/vc_column][\/vc_row][vc_row][vc_column width=&#8221;8\/12&#8243;][vc_column_text uncode_shortcode_id=&#8221;585052&#8243;]<\/p>\n<h2>Comprendre les espaces sonores d&#8217;un point de vue acoustique<\/h2>\n<p>Les 12 crit\u00e8res sont bas\u00e9s sur la perception et peuvent \u00eatre \u00e9valu\u00e9s \u00e0 l\u2019aide des exemples de caract\u00e9ristiques figurant sur le formulaire m\u00eame sans connaissances sp\u00e9cifiques en acoustique.<br \/>\nToutefois, lorsqu\u2019il s\u2019agit d\u2019\u00e9valuer des solutions permettant d\u2019am\u00e9liorer les espaces sonores, une connaissance des concepts de base, des valeurs et des processus acoustiques constitue un atout. La propagation du son et la mani\u00e8re dont elle peut \u00eatre influenc\u00e9e, mais aussi les circonstances dans lesquelles des effets ind\u00e9sirables tels qu\u2019un \u00e9cho (flottant) peuvent se produire sont des \u00e9l\u00e9ments particuli\u00e8rement importants pour l\u2019am\u00e9nagement des espaces sonores.<br \/>\nEnfin, il est bon de savoir que l\u2019intelligibilit\u00e9 de la parole, l\u2019une des exigences les plus importantes pour un espace ext\u00e9rieur reposant, peut \u00eatre mesur\u00e9e et \u00e9valu\u00e9e objectivement si n\u00e9cessaire. <\/p>\n<p>Toutes ces informations se trouvent dans le document <span class=\"pdf\"><br \/>\n  <a href=\"https:\/\/klangraumarchitektur.ch\/wp-content\/uploads\/Akustik_Einmaleins_fr.pdf\" target=\"_blank\" rel=\"noopener\"> Notions d&#8217;acoustique pour l&#8217;architecture de l&#8217;espace sonore <\/a><br \/>\n<\/span>[\/vc_column_text][\/vc_column][vc_column column_width_percent=&#8221;100&#8243; position_vertical=&#8221;bottom&#8221; gutter_size=&#8221;3&#8243; overlay_alpha=&#8221;50&#8243; shift_x=&#8221;0&#8243; shift_y=&#8221;0&#8243; shift_y_down=&#8221;0&#8243; z_index=&#8221;0&#8243; medium_width=&#8221;0&#8243; mobile_width=&#8221;0&#8243; width=&#8221;4\/12&#8243; uncode_shortcode_id=&#8221;138955&#8243;][\/vc_column][\/vc_row][vc_row][vc_column width=&#8221;8\/12&#8243;][vc_column_text uncode_shortcode_id=&#8221;512823&#8243;]<\/p>\n<h2>Informations compl\u00e9mentaires<\/h2>\n<p><span class=\"pdf\"><a href=\"https:\/\/www.cerclebruit.ch\/studies\/klangraum\/beurteilung-klangqualitaet_2021_fr.pdf\" target=\"_blank\" rel=\"noopener\">Publication du Cercle Bruit<\/a><\/span>[\/vc_column_text][\/vc_column][vc_column column_width_percent=&#8221;100&#8243; position_vertical=&#8221;bottom&#8221; gutter_size=&#8221;3&#8243; overlay_alpha=&#8221;50&#8243; shift_x=&#8221;0&#8243; shift_y=&#8221;0&#8243; shift_y_down=&#8221;0&#8243; z_index=&#8221;0&#8243; medium_width=&#8221;0&#8243; mobile_width=&#8221;0&#8243; width=&#8221;4\/12&#8243; uncode_shortcode_id=&#8221;138955&#8243;][\/vc_column][\/vc_row][vc_row][vc_column width=&#8221;8\/12&#8243;][\/vc_column][vc_column column_width_percent=&#8221;100&#8243; position_vertical=&#8221;bottom&#8221; gutter_size=&#8221;3&#8243; overlay_alpha=&#8221;50&#8243; shift_x=&#8221;0&#8243; shift_y=&#8221;0&#8243; shift_y_down=&#8221;0&#8243; z_index=&#8221;0&#8243; medium_width=&#8221;0&#8243; mobile_width=&#8221;0&#8243; width=&#8221;4\/12&#8243; uncode_shortcode_id=&#8221;138955&#8243;][vc_column_text uncode_shortcode_id=&#8221;283682&#8243;]<span class=\"arrowUrl\"><a href=\"https:\/\/klangraumarchitektur.ch\/fr\/planifier-les-espaces-sonores\/\">Planifier les espaces sonores<\/a><\/span>[\/vc_column_text][\/vc_column][\/vc_row]<\/p>\n<\/div>","protected":false},"excerpt":{"rendered":"<p>[vc_row][vc_column width=&#8221;8\/12&#8243;][vc_custom_heading auto_text=&#8221;yes&#8221; heading_semantic=&#8221;h1&#8243; text_size=&#8221;h1&#8243; uncode_shortcode_id=&#8221;101108&#8243;]This is a custom heading element.[\/vc_custom_heading][vc_empty_space empty_h=&#8221;1&#8243;][vc_column_text uncode_shortcode_id=&#8221;561161&#8243;]Si la beaut\u00e9 est dans les yeux de [&hellip;]<\/p>\n","protected":false},"author":1,"featured_media":0,"parent":0,"menu_order":0,"comment_status":"closed","ping_status":"closed","template":"","meta":{"_themeisle_gutenberg_block_has_review":false,"footnotes":""},"class_list":["post-3083","page","type-page","status-publish","hentry"],"_links":{"self":[{"href":"https:\/\/klangraumarchitektur.ch\/fr\/wp-json\/wp\/v2\/pages\/3083","targetHints":{"allow":["GET"]}}],"collection":[{"href":"https:\/\/klangraumarchitektur.ch\/fr\/wp-json\/wp\/v2\/pages"}],"about":[{"href":"https:\/\/klangraumarchitektur.ch\/fr\/wp-json\/wp\/v2\/types\/page"}],"author":[{"embeddable":true,"href":"https:\/\/klangraumarchitektur.ch\/fr\/wp-json\/wp\/v2\/users\/1"}],"replies":[{"embeddable":true,"href":"https:\/\/klangraumarchitektur.ch\/fr\/wp-json\/wp\/v2\/comments?post=3083"}],"version-history":[{"count":71,"href":"https:\/\/klangraumarchitektur.ch\/fr\/wp-json\/wp\/v2\/pages\/3083\/revisions"}],"predecessor-version":[{"id":3270,"href":"https:\/\/klangraumarchitektur.ch\/fr\/wp-json\/wp\/v2\/pages\/3083\/revisions\/3270"}],"wp:attachment":[{"href":"https:\/\/klangraumarchitektur.ch\/fr\/wp-json\/wp\/v2\/media?parent=3083"}],"curies":[{"name":"wp","href":"https:\/\/api.w.org\/{rel}","templated":true}]}}