{"id":3026,"date":"2024-03-04T12:54:00","date_gmt":"2024-03-04T11:54:00","guid":{"rendered":"https:\/\/klangraumarchitektur.ch\/impressum\/"},"modified":"2025-08-25T22:43:49","modified_gmt":"2025-08-25T20:43:49","slug":"impressum","status":"publish","type":"page","link":"https:\/\/klangraumarchitektur.ch\/fr\/impressum\/","title":{"rendered":"Impressum"},"content":{"rendered":"<div class=\"wpb-content-wrapper\"><p>[vc_row][vc_column width=&#8221;2\/3&#8243;][vc_custom_heading auto_text=&#8221;yes&#8221; heading_semantic=&#8221;h1&#8243; text_size=&#8221;h1&#8243; uncode_shortcode_id=&#8221;135955&#8243;]This is a custom heading element.[\/vc_custom_heading][vc_empty_space empty_h=&#8221;3&#8243;][vc_row_inner][vc_column_inner width=&#8221;5\/12&#8243;][vc_single_image media=&#8221;2937&#8243; media_width_use_pixel=&#8221;yes&#8221; uncode_shortcode_id=&#8221;162956&#8243; media_link=&#8221;url:https%3A%2F%2Fwww.cerclebruit.ch%2F|target:_blank&#8221; media_width_pixel=&#8221;223&#8243;][\/vc_column_inner][vc_column_inner width=&#8221;1\/12&#8243;][\/vc_column_inner][vc_column_inner width=&#8221;4\/12&#8243;][\/vc_column_inner][vc_column_inner width=&#8221;2\/12&#8243;][\/vc_column_inner][\/vc_row_inner][vc_empty_space empty_h=&#8221;3&#8243;][vc_column_text uncode_shortcode_id=&#8221;212161&#8243;]Klangraumarchitektur.ch est un projet du Cercle Bruit Suisse.[\/vc_column_text][\/vc_column][vc_column width=&#8221;1\/3&#8243;][\/vc_column][\/vc_row][vc_row][vc_column width=&#8221;2\/3&#8243;][vc_column_text uncode_shortcode_id=&#8221;169985&#8243;]<\/p>\n<h2>Groupe de projet<\/h2>\n<p>Daniela Hallauer, MA analyse culturelle et sociologie (gestion de projet)<br \/>\nThomas Gastberger, g\u00e9orgaphe dipl., groupe sp\u00e9cialis\u00e9 dans l&#8217;am\u00e9nagement des espaces sonores du Cercle Bruit<br \/>\nBeat W. Hohmann, Dr. sc. techn. (acoustique) EPF, SGA-SSA<br \/>\nSimone Mathieu, cheffe de projet protection contre le bruit, protection de l&#8217;environnement et de la sant\u00e9, ville de Zurich<br \/>\nAndres Bosshard, artiste sonore et explorateur de sons urbains<br \/>\nKurt Eggenschwiler, MSc ing.-el. EPF, acousticien dipl. SGA-SSA[\/vc_column_text][\/vc_column][vc_column width=&#8221;1\/3&#8243;][\/vc_column][\/vc_row][vc_row][vc_column width=&#8221;2\/3&#8243;][vc_column_text uncode_shortcode_id=&#8221;122741&#8243;]<\/p>\n<h2>\u00c9chantillons sonores<\/h2>\n<p>Beat W. Hohmann, Dr. sc. techn. (acoustique) EPF, SGA-SSA[\/vc_column_text][\/vc_column][vc_column width=&#8221;1\/3&#8243;][\/vc_column][\/vc_row][vc_row][vc_column width=&#8221;2\/3&#8243;][vc_column_text uncode_shortcode_id=&#8221;658559&#8243;]<\/p>\n<h2>Contributions techniques<\/h2>\n<p>Deborah Fehlmann, architecte EPF<br \/>\nGudrun Hoppe, Quadra GmbH. Lebensr\u00e4ume f\u00fcr Mensch und Natur<br \/>\nSeverin Krieger, architecte paysagiste BSc HES, Gr\u00fcnklang Landschaftsarchitektur<br \/>\nTobias Reber, artiste et m\u00e9diateur, MA, Contemporary Arts Practice[\/vc_column_text][\/vc_column][vc_column width=&#8221;1\/3&#8243;][\/vc_column][\/vc_row][vc_row][vc_column width=&#8221;2\/3&#8243;][vc_column_text uncode_shortcode_id=&#8221;452508&#8243;]<\/p>\n<h2>Relecture<\/h2>\n<p>Etienne Rosset, traducteur[\/vc_column_text][\/vc_column][vc_column width=&#8221;1\/3&#8243;][\/vc_column][\/vc_row][vc_row][vc_column width=&#8221;2\/3&#8243;][vc_column_text uncode_shortcode_id=&#8221;106128&#8243;]<\/p>\n<h2>Graphisme &amp; Site web<\/h2>\n<p>Barbara Sauermost, graphiste, <a href=\"https:\/\/pixelpiraten.ch\/\" target=\"_blank\" rel=\"noopener\">Pixelpiraten<\/a>[\/vc_column_text][\/vc_column][vc_column width=&#8221;1\/3&#8243;][\/vc_column][\/vc_row][vc_row row_height_percent=&#8221;0&#8243; overlay_alpha=&#8221;50&#8243; gutter_size=&#8221;3&#8243; column_width_percent=&#8221;100&#8243; shift_y=&#8221;0&#8243; z_index=&#8221;0&#8243; uncode_shortcode_id=&#8221;194547&#8243; shape_dividers=&#8221;&#8221; row_name=&#8221;unterstuetzung&#8221;][vc_column width=&#8221;2\/3&#8243;][vc_column_text uncode_shortcode_id=&#8221;380503&#8243;]<\/p>\n<h2>Nous remercions pour leur soutien<\/h2>\n<p>Canton d&#8217;Argovie, Abteilung f\u00fcr Umwelt, Luft, L\u00e4rm und NIS<br \/>\nCanton d&#8217;Argovie, Abteilung Tiefbau, Fachstelle L\u00e4rmsanierung<br \/>\nCanton de B\u00e2le, Amt f\u00fcr Umwelt und Energie<br \/>\nCanton de Zurich, Tiefbauamt, Fachstelle L\u00e4rmschutz<br \/>\nVille de Zurich, Umwelt- und Gesundheitsschutz<br \/>\nOffice f\u00e9d\u00e9ral de l&#8217;environnement OFEV, Division Bruit et RNI<br \/>\nCercle Bruit Suisse<br \/>\nSoci\u00e9t\u00e9 suisse des ing\u00e9nieurs et des architectes SIA Zurich<br \/>\nCanton de B\u00e2le-Campagne, Amt f\u00fcr Raumplanung<br \/>\nSoci\u00e9t\u00e9 Suisse d&#8217;Acoustique SGA-SSA<br \/>\n<a href=\"https:\/\/www.bsla.ch\" target=\"_blank\" rel=\"noopener\">F\u00e9d\u00e9ration suisse des architectes paysagistes<\/a> FSAP &#8211; BSLA<br \/>\nF\u00e9d\u00e9ration des Architectes Suisses FAS<br \/>\nEBP Schweiz AG, Zurich<br \/>\nPlanar AG f\u00fcr Raumentwicklung, Zurich<br \/>\nPlanpartner AG \u2013 Raumplanung, St\u00e4dtebau, Entwicklung, Zurich<br \/>\nSuter-von K\u00e4nel-Wild, Planer und Architekten AG, Zurich[\/vc_column_text][\/vc_column][vc_column width=&#8221;1\/3&#8243;][\/vc_column][\/vc_row]<\/p>\n<\/div>","protected":false},"excerpt":{"rendered":"<p>[vc_row][vc_column width=&#8221;2\/3&#8243;][vc_custom_heading auto_text=&#8221;yes&#8221; heading_semantic=&#8221;h1&#8243; text_size=&#8221;h1&#8243; uncode_shortcode_id=&#8221;135955&#8243;]This is a custom heading element.[\/vc_custom_heading][vc_empty_space empty_h=&#8221;3&#8243;][vc_row_inner][vc_column_inner width=&#8221;5\/12&#8243;][vc_single_image media=&#8221;2937&#8243; media_width_use_pixel=&#8221;yes&#8221; uncode_shortcode_id=&#8221;162956&#8243; media_link=&#8221;url:https%3A%2F%2Fwww.cerclebruit.ch%2F|target:_blank&#8221; media_width_pixel=&#8221;223&#8243;][\/vc_column_inner][vc_column_inner width=&#8221;1\/12&#8243;][\/vc_column_inner][vc_column_inner width=&#8221;4\/12&#8243;][\/vc_column_inner][vc_column_inner [&hellip;]<\/p>\n","protected":false},"author":1,"featured_media":0,"parent":0,"menu_order":0,"comment_status":"closed","ping_status":"closed","template":"","meta":{"_themeisle_gutenberg_block_has_review":false,"footnotes":""},"class_list":["post-3026","page","type-page","status-publish","hentry"],"_links":{"self":[{"href":"https:\/\/klangraumarchitektur.ch\/fr\/wp-json\/wp\/v2\/pages\/3026","targetHints":{"allow":["GET"]}}],"collection":[{"href":"https:\/\/klangraumarchitektur.ch\/fr\/wp-json\/wp\/v2\/pages"}],"about":[{"href":"https:\/\/klangraumarchitektur.ch\/fr\/wp-json\/wp\/v2\/types\/page"}],"author":[{"embeddable":true,"href":"https:\/\/klangraumarchitektur.ch\/fr\/wp-json\/wp\/v2\/users\/1"}],"replies":[{"embeddable":true,"href":"https:\/\/klangraumarchitektur.ch\/fr\/wp-json\/wp\/v2\/comments?post=3026"}],"version-history":[{"count":13,"href":"https:\/\/klangraumarchitektur.ch\/fr\/wp-json\/wp\/v2\/pages\/3026\/revisions"}],"predecessor-version":[{"id":3224,"href":"https:\/\/klangraumarchitektur.ch\/fr\/wp-json\/wp\/v2\/pages\/3026\/revisions\/3224"}],"wp:attachment":[{"href":"https:\/\/klangraumarchitektur.ch\/fr\/wp-json\/wp\/v2\/media?parent=3026"}],"curies":[{"name":"wp","href":"https:\/\/api.w.org\/{rel}","templated":true}]}}