{"id":3017,"date":"2024-02-18T17:15:41","date_gmt":"2024-02-18T16:15:41","guid":{"rendered":"https:\/\/klangraumarchitektur.ch\/bibliographie\/"},"modified":"2025-07-02T21:48:23","modified_gmt":"2025-07-02T19:48:23","slug":"bibliographie","status":"publish","type":"page","link":"https:\/\/klangraumarchitektur.ch\/fr\/bibliographie\/","title":{"rendered":"Bibliographie"},"content":{"rendered":"<div class=\"wpb-content-wrapper\"><p>[vc_row][vc_column width=&#8221;9\/12&#8243;][vc_custom_heading auto_text=&#8221;yes&#8221; heading_semantic=&#8221;h1&#8243; text_size=&#8221;h1&#8243; uncode_shortcode_id=&#8221;101108&#8243;]This is a custom heading element.[\/vc_custom_heading][vc_column_text uncode_shortcode_id=&#8221;125049&#8243;]Nous nous limitons ici \u00e0 une s\u00e9lection de bases n\u00e9cessaires \u00e0 la pratique ou de compl\u00e9ments utiles aux informations contenues sur le site. Cette liste ne se veut pas exhaustive et n&#8217;a pas vocation \u00e0 couvrir l&#8217;\u00e9tat de la recherche dans ce domaine. Dans la mesure du possible, un lien m\u00e8ne directement au document.[\/vc_column_text][\/vc_column][vc_column column_width_percent=&#8221;100&#8243; position_vertical=&#8221;bottom&#8221; gutter_size=&#8221;3&#8243; overlay_alpha=&#8221;50&#8243; shift_x=&#8221;0&#8243; shift_y=&#8221;0&#8243; shift_y_down=&#8221;0&#8243; z_index=&#8221;0&#8243; medium_width=&#8221;0&#8243; mobile_width=&#8221;0&#8243; width=&#8221;3\/12&#8243; uncode_shortcode_id=&#8221;138955&#8243;][\/vc_column][\/vc_row][vc_row][vc_column width=&#8221;10\/12&#8243;][vc_tabs vertical=&#8221;yes&#8221; uncode_shortcode_id=&#8221;147785&#8243;][vc_tab gutter_size=&#8221;2&#8243; column_padding=&#8221;2&#8243; title=&#8221;Publications g\u00e9n\u00e9rales&#8221; tab_id=&#8221;1709559865-1-14&#8243;][vc_column_text uncode_shortcode_id=&#8221;136791&#8243;]<\/p>\n<h2>Publications g\u00e9n\u00e9rales<\/h2>\n<p>[\/vc_column_text][vc_column_text uncode_shortcode_id=&#8221;146746&#8243;]<span class=\"pdf\"><a href=\"https:\/\/www.cerclebruit.ch\/studies\/klangraum\/Factsheet_klangraumgestaltung_de.pdf\" target=\"_blank\" rel=\"noopener\">Klangraumgestaltung<\/a><br \/>\n<\/span>Faktenblatt Cercle Bruit Schweiz. 2018.[\/vc_column_text][vc_column_text uncode_shortcode_id=&#8221;180990&#8243;]<span class=\"pdf\"><a href=\"https:\/\/www.cerclebruit.ch\/studies\/klangraum\/Factsheet_klangraumgestaltung_fr.pdf\" target=\"_blank\" rel=\"noopener\">Am\u00e9nagement de l&#8217;espace sonore<\/a><br \/>\n<\/span><span class=\"pdf\">Fiche d\u2019information Cercle Bruit Suisse. 2018. <\/span>[\/vc_column_text][vc_column_text uncode_shortcode_id=&#8221;119576&#8243;]<span class=\"pdf\"><a href=\"https:\/\/www.cerclebruit.ch\/studies\/klangraum\/Factsheet_klangraumgestaltung_it.pdf\" target=\"_blank\" rel=\"noopener\">Pianificazione dello spazio sonoro e rumoroso<\/a><br \/>\nScheda informativa Cercle Bruit Svizzera. 2018. <\/span>[\/vc_column_text][vc_separator sep_color=&#8221;color-66c77a&#8221; uncode_shortcode_id=&#8221;508734&#8243; sep_color_type=&#8221;uncode-palette&#8221; el_height=&#8221;1px&#8221;][vc_column_text uncode_shortcode_id=&#8221;825342&#8243;]Stadtklang &#8211; Wege zu einer h\u00f6renswerten Stadt (en allemand)<\/p>\n<p>Teil 1: Perspektiven<br \/>\nUlrike Sturm, Matthias B\u00fcrgin. vdf Hochschulverlag. 2019.<br \/>\nTeil 2: Klanggestaltung von Aussenr\u00e4umen<br \/>\nUlrike Sturm, Matthias B\u00fcrgin, Axel Schubert. vdf Hochschulverlag. 2019.[\/vc_column_text][vc_column_text text_lead=&#8221;small&#8221; uncode_shortcode_id=&#8221;213632&#8243;]<span class=\"arrowUrl\">Version papier gratuite dans la limite des stocks disponibles. Mail \u00e0 <a href=\"mailto:fals@bd.zh.ch\" target=\"_blank\" rel=\"noopener\">fals@bd.zh.ch<\/a> <\/span>[\/vc_column_text][vc_separator sep_color=&#8221;color-66c77a&#8221; uncode_shortcode_id=&#8221;118542&#8243; sep_color_type=&#8221;uncode-palette&#8221; el_height=&#8221;1px&#8221;][vc_column_text uncode_shortcode_id=&#8221;480908&#8243;]<span class=\"pdf\"><a href=\"https:\/\/klangraumarchitektur.ch\/wp-content\/uploads\/Verdichtung_und_Lebensraum.pdf\" target=\"_blank\" rel=\"noopener\">Siedlungsverdichtung bedingt akustisch qualit\u00e4tsvolle Freir\u00e4ume (en allemand)<\/a><br \/>\n<\/span><span class=\"pdf\">Deborah Fehlmann. 2024. <\/span>[\/vc_column_text][vc_separator sep_color=&#8221;color-66c77a&#8221; uncode_shortcode_id=&#8221;214514&#8243; sep_color_type=&#8221;uncode-palette&#8221; el_height=&#8221;1px&#8221;][vc_column_text uncode_shortcode_id=&#8221;233161&#8243;]<span class=\"pdf\"><a href=\"https:\/\/klangraumarchitektur.ch\/wp-content\/uploads\/guter_klang_im_innenhof.pdf\" target=\"_blank\" rel=\"noopener\">Guter Klang im Innenhof<\/a> (en allemand)<br \/>\nCercle Bruit Suisse. 2024. <\/span>[\/vc_column_text][vc_separator sep_color=&#8221;color-66c77a&#8221; uncode_shortcode_id=&#8221;187869&#8243; sep_color_type=&#8221;uncode-palette&#8221; el_height=&#8221;1px&#8221;][vc_column_text uncode_shortcode_id=&#8221;745615&#8243;]<span class=\"pdf\"><a href=\"https:\/\/www.cerclebruit.ch\/studies\/klangraum\/Klangqualitaet%20von%20Aussenraeumen%20im%20Siedlungsgebiet.pdf\" target=\"_blank\" rel=\"noopener\">Klangqualit\u00e4t von Aussenr\u00e4umen im Siedlungsgebiet<\/a><br \/>\nTag gegen L\u00e4rm 2023<\/span>[\/vc_column_text][vc_column_text uncode_shortcode_id=&#8221;103753&#8243;]<span class=\"pdf\"><a href=\"https:\/\/www.cerclebruit.ch\/studies\/klangraum\/Qualite%20sonore%20des%20espaces%20exterieurs%20dans%20les%20zones%20d%20habitation.pdf\" target=\"_blank\" rel=\"noopener\">Qualit\u00e9 sonore des espaces ext\u00e9rieurs dans les zones d&#8217;habitation<\/a><br \/>\nJourn\u00e9e contre le bruit 2023<\/span>[\/vc_column_text][vc_column_text uncode_shortcode_id=&#8221;671182&#8243;]<span class=\"pdf\"><a href=\"https:\/\/2023.tag-gegen-laerm.ch\/wp-content\/uploads\/qualita-sonora-degli-spazi-esterni-nelle-aree-urbane.pdf\" target=\"_blank\" rel=\"noopener\">Qualit\u00e0 sonora degli spazi esterni nelle aree urbane<\/a><br \/>\nGiornata contro il rumore 2023<\/span>[\/vc_column_text][vc_separator sep_color=&#8221;color-66c77a&#8221; uncode_shortcode_id=&#8221;351694&#8243; sep_color_type=&#8221;uncode-palette&#8221; el_height=&#8221;1px&#8221;][vc_column_text uncode_shortcode_id=&#8221;931006&#8243;]<span class=\"pdf\"><a href=\"https:\/\/www.cerclebruit.ch\/studies\/klangraum\/frag_die_fledermaus-fals.pdf\" target=\"_blank\" rel=\"noopener\">Frag die Fledermaus: F\u00fcnf Werkzeugk\u00e4sten zur Klangraumgestaltung<\/a> (en allemand)<br \/>\nAndres Bosshard, Trond Maag. Fachstelle L\u00e4rmschutz Baudirektion Kanton Z\u00fcrich. 2013.  <\/span>[\/vc_column_text][vc_column_text uncode_shortcode_id=&#8221;154462&#8243;]<span class=\"pdf\"><a href=\"https:\/\/www.cerclebruit.ch\/studies\/klangraum\/klangqualitaet_oeffentliche_stadt_siedlungs_raeume_2016.pdf\" target=\"_blank\" rel=\"noopener\">Klangqualit\u00e4t f\u00fcr \u00f6ffentliche Stadt- und Siedlungsr\u00e4ume:<br \/>\nEine Planungshilfe f\u00fcr das Ohr<\/a><br \/>\nTrond Maag, Tamara Kocan, Andres Bosshard. Publikationsreihe \u00abChancen im L\u00e4rm \u2013 Klangraumgestaltung\u00bb der Kantone Basel und Z\u00fcrich. 2016.  <\/span>[\/vc_column_text][vc_column_text uncode_shortcode_id=&#8221;126729&#8243;]<span class=\"pdf\"><a href=\"https:\/\/www.cerclebruit.ch\/studies\/klangraum\/klangqualitaet_oeffentliche_stadt_FRnov2018.pdf\" target=\"_blank\" rel=\"noopener\">Pour une qualit\u00e9 acoustique des espaces publics et r\u00e9sidentiels urbains:<br \/>\nTh\u00e8se de travail pour l\u2019oreille<\/a><br \/>\nTrond Maag, Tamara Kocan, Andres Bosshard. S\u00e9rie de publications \u00abLes possibilit\u00e9s d\u2019organisation de l\u2019espace sonore et du bruit\u00bb. Cantons de B\u00e2le et de Zurich. 2016.   <\/span>[\/vc_column_text][vc_column_text uncode_shortcode_id=&#8221;181334&#8243;]<span class=\"pdf\"><a href=\"https:\/\/www.cerclebruit.ch\/studies\/klangraum\/HOERENSWERTESTADT.pdf\" target=\"_blank\" rel=\"noopener\">Vom L\u00e4rmschutz zur h\u00f6renswerten Stadt:<br \/>\nFallbeispiel zur Entwicklung der akustischen Raumqualit\u00e4t in der Stadt Basel<\/a> (en allemand)<br \/>\nTrond Maag, Tamara Kocan, Andres Bosshard. Amt f\u00fcr Umwelt und Energie Basel. 2015.  <\/span>[\/vc_column_text][\/vc_tab][vc_tab gutter_size=&#8221;2&#8243; column_padding=&#8221;2&#8243; title=&#8221;Sites web&#8221; tab_id=&#8221;1709559865-2-60&#8243;][vc_column_text uncode_shortcode_id=&#8221;186747&#8243;]<\/p>\n<h2>Sites web<\/h2>\n<p>[\/vc_column_text][vc_column_text uncode_shortcode_id=&#8221;132460&#8243;]<span class=\"arrowUrl\"><a href=\"https:\/\/baukultur-laerm.ch\/klangraum\/\" target=\"_blank\" rel=\"noopener\">baukultur-laerm.ch<\/a><br \/>\nSite web du Cercle Bruit et de la zhaw sur le th\u00e8me de la construction dans les zones bruyantes. Rubrique sur l&#8217;am\u00e9nagement de l&#8217;espace sonore. (en allemand)<br \/>\n<\/span>[\/vc_column_text][vc_column_text uncode_shortcode_id=&#8221;194467&#8243;]<span class=\"arrowUrl\"><a href=\"https:\/\/www.aue.bs.ch\/laerm\/klangraumgestaltung.html\" target=\"_blank\" rel=\"noopener\">Amt f\u00fcr Umwelt und Energie Basel-Stadt: Klangraumgestaltung.<\/a><br \/>\nSite web de la section protection contre le bruit sur le th\u00e8me de l&#8217;am\u00e9nagement de l&#8217;espace sonore. (en allemand) <\/span>[\/vc_column_text][\/vc_tab][vc_tab gutter_size=&#8221;2&#8243; column_padding=&#8221;2&#8243; title=&#8221;Bases acousitque et son&#8221; tab_id=&#8221;1709560171556-2-3&#8243;][vc_column_text uncode_shortcode_id=&#8221;153467&#8243;]<span class=\"pdf\"><a href=\"https:\/\/klangraumarchitektur.ch\/wp-content\/uploads\/Hoeren_im_Klangraum_fr.pdf\" target=\"_blank\" rel=\"noopener\">\u00c9coute dans l&#8217;espace sonore \u2013 O\u00d9, QUOI, COMMENT ?<\/a><br \/>\n<\/span><span class=\"pdf\">Architecture de l&#8217;espace sonore, Cercle Bruit Suisse, Beat W. Hohmann. 2024. <\/span>[\/vc_column_text][vc_column_text uncode_shortcode_id=&#8221;184581&#8243;]<span class=\"pdf\"><a href=\"https:\/\/klangraumarchitektur.ch\/wp-content\/uploads\/Akustik_Einmaleins_fr.pdf\" target=\"_blank\" rel=\"noopener\">Notions d\u2019acoustique pour l\u2019architecture de l\u2019espace sonore<br \/><\/a><br \/>\n<\/span><span class=\"pdf\">Architecture de l&#8217;espace sonore, Cercle Bruit Suisse, Beat W. Hohmann. 2024. <\/span>[\/vc_column_text][vc_column_text uncode_shortcode_id=&#8221;171204&#8243;]<span class=\"pdf\"><a href=\"https:\/\/www.cerclebruit.ch\/studies\/klangraum\/planungshilfe_grundlagen_der_klangraumgestaltung.pdf\" target=\"_blank\" rel=\"noopener\">Grundlagen der Klangraumgestaltung<\/a> (en allemand)<br \/>\nAndres Bosshard, Kurt Eggenschwiler. Cercle Bruit Schweiz. 2020.  <\/span>[\/vc_column_text][vc_column_text uncode_shortcode_id=&#8221;109367&#8243;]<span class=\"pdf\"><a href=\"https:\/\/www.cerclebruit.ch\/studies\/klangraum\/Klanglandschaft_woertlich.pdf\" target=\"_blank\" rel=\"noopener\">Klanglandschaft w\u00f6rtlich: Akustische Umwelt in transdisziplin\u00e4rer Perspektive<\/a> (en allemand)<br \/>\nJustin Winkler, Alber Mayr, Thomas Gerwin, Alexander Lorenz. Hrsg.: Forum Klanglandschaft und Akroama Verlag. 1999.<\/span>[\/vc_column_text][vc_column_text uncode_shortcode_id=&#8221;108798&#8243;]Stadt h\u00f6ren. Klangspazierg\u00e4nge durch Z\u00fcrich. (en allemand)<br \/>\nAndres Bosshard. Verlag NZZ Z\u00fcrich. 2009.[\/vc_column_text][vc_column_text uncode_shortcode_id=&#8221;744061&#8243;]<span class=\"arrowUrl\"><a href=\"https:\/\/www.antos.ch\/deutsch\/anthos\/3-14-heft-kaufen\/\" target=\"_blank\" rel=\"noopener\">Le Son<\/a><br \/>\nCailler Anthos 3\/2014. Klang \/ le Son. <\/span>[\/vc_column_text][\/vc_tab][vc_tab gutter_size=&#8221;2&#8243; column_padding=&#8221;2&#8243; title=&#8221;\u00c9valuation de la qualit\u00e9 sonore&#8221; tab_id=&#8221;1709560195491-3-7&#8243;][vc_column_text uncode_shortcode_id=&#8221;113597&#8243;]<\/p>\n<h2>\u00c9valuation de la qualit\u00e9 sonore<\/h2>\n<p><span class=\"pdf\"><a href=\"https:\/\/cerclebruit.ch\/studies\/klangraum\/beurteilung-klangqualitaet_2021_de.pdf\" target=\"_blank\" rel=\"noopener\">Beurteilung der Klangqualit\u00e4t von Innenh\u00f6fen, Pl\u00e4tzen und P\u00e4rken als Erholungsorte im Siedlungsraum.<\/a><br \/>\nBeat Hohmann. Cercle Bruit Schweiz. 2021.  <\/span><\/p>\n<p><span class=\"pdf\"><a href=\"https:\/\/www.cerclebruit.ch\/studies\/klangraum\/beurteilung_klangqualitaet_formular_de.pdf\" target=\"_blank\" rel=\"noopener\">Formular zur Beurteilung der Klangqualit\u00e4t von \u00f6ffentlichen R\u00e4umen.<\/a><br \/>\nBeat Hohmann. Cercle Bruit Schweiz. 2022.   <\/span><span class=\"arrowUrl\"><br \/>\n<a href=\"https:\/\/www.cerclebruit.ch\/studies\/klangraum\/beurteilung_klangqualitaet_formular_de.docx\" target=\"_blank\" rel=\"noopener\">Document Word<\/a><\/span><\/p>\n<p><span class=\"pdf\"><a href=\"https:\/\/www.cerclebruit.ch\/studies\/klangraum\/beurteilung-klangqualitaet_2021_fr.pdf\" target=\"_blank\" rel=\"noopener\">\u00c9valuation de la qualit\u00e9 sonore des cours int\u00e9rieures, des places et des parcs en milieu urbain comme espaces de d\u00e9tente<\/a><br \/>\nBeat Hohmann. Cercle Bruit Suisse. 2020.  <\/span><\/p>\n<p><span class=\"pdf\"><a href=\"https:\/\/www.cerclebruit.ch\/studies\/klangraum\/beurteilung_klangqualitaet_formular_fr.pdf\" target=\"_blank\" rel=\"noopener\">Formulaire pour l&#8217;\u00e9valuation de la qualit\u00e9 sonore des espaces publics<\/a><br \/>\n<\/span>Beat Hohmann. Cercle Bruit Suisse. 2022.<br \/>\n<span class=\"arrowUrl\"><a href=\"https:\/\/www.cerclebruit.ch\/studies\/klangraum\/beurteilung_klangqualitaet_formular_fr.docx\" target=\"_blank\" rel=\"noopener\">Document Word<\/a><\/span><\/p>\n<p><span class=\"pdf\"><a href=\"https:\/\/www.dega-akustik.de\/fileadmin\/dega-akustik.de\/publikationen\/akustik-journal\/19-01\/akustik_journal_2019_01_online_artikel3.pdf\" target=\"_blank\" rel=\"noopener\">ISO 12913-1-4 \u2013 Soundscape &#8211; Fortschritte in der Standardisierung auf internationaler Ebene<\/a> (en allemand)<br \/>\nAndr\u00e9 Fiebig, Brigitte Schulte-Fortkamp. 2019. <\/span>[\/vc_column_text][\/vc_tab][vc_tab gutter_size=&#8221;2&#8243; column_padding=&#8221;2&#8243; title=&#8221;Domaines d&apos;am\u00e9nagement&#8221; tab_id=&#8221;1709560349292-6-4&#8243;][vc_column_text uncode_shortcode_id=&#8221;183929&#8243;]<\/p>\n<h2>Domaines d&#8217;am\u00e9nagement<\/h2>\n<p>[\/vc_column_text][vc_empty_space empty_h=&#8221;1&#8243;][vc_column_text uncode_shortcode_id=&#8221;926213&#8243;]<\/p>\n<h3>Domaine d&#8217;am\u00e9nagement Terrain et structuration<\/h3>\n<p><span class=\"pdf\"><a href=\"https:\/\/klangraumarchitektur.ch\/wp-content\/uploads\/gelaende_und_strukturierung_fr.pdf\" target=\"_blank\" rel=\"noopener\">Un terrain modul\u00e9 pour une diversit\u00e9 acoustique<\/a><br \/>\nGroupe de projet klangraumarchitektur.ch. Cercle Bruit Suisse. 2024.  <\/span>[\/vc_column_text][vc_empty_space empty_h=&#8221;2&#8243;][vc_column_text uncode_shortcode_id=&#8221;683372&#8243;]<\/p>\n<h3>Domaine d&#8217;am\u00e9nagement B\u00e2timents, petites constructions et murs<\/h3>\n<p><span class=\"pdf\"><a href=\"https:\/\/klangraumarchitektur.ch\/wp-content\/uploads\/gebauede_kleinbauten_schuetzen_gliedern_fr.pdf\" target=\"_blank\" rel=\"noopener\">B\u00e2timents et petites constructions<\/a><br \/>\nCercle Bruit Suisse. 2024.<br \/>\n<\/span><\/p>\n<p><span class=\"pdf\"><a href=\"https:\/\/klangraumarchitektur.ch\/wp-content\/uploads\/Faktenblatt_Akustische_Wirkung_Mauern.pdf\" target=\"_blank\" rel=\"noopener\">Plus de calme m\u00eame derri\u00e8re de petits murets<\/a><br \/>\nBeat Hohmann pour klangraumarchitektur.ch. 2024.<br \/>\n<\/span><\/p>\n<p><span class=\"pdf\"><a href=\"https:\/\/www.cerclebruit.ch\/studies\/klangraum\/Klangraumgestaltung_Chancen_im_Laerm_Fuenf_Fallbeispiele.pdf\" target=\"_blank\" rel=\"noopener\">Klangraumgestaltung \u2013 Chancen im L\u00e4rm.<br \/>\nF\u00fcnf Fallbeispiele im urbanen Raum des Kantons Z\u00fcrich<\/a> (en allemand)<br \/>Andres Bosshard, Trond Maag. Fachstelle L\u00e4rmschutz. Baudirektion Kanton Z\u00fcrich. 2012.   <\/span>[\/vc_column_text][vc_column_text text_lead=&#8221;small&#8221; uncode_shortcode_id=&#8221;587481&#8243;]<span class=\"arrowUrl\">Version papier gratuite dans la limite des stocks disponibles. Mail \u00e0 <a href=\"mailto:fals@bd.zh.ch\" target=\"_blank\" rel=\"noopener\">fals@bd.zh.ch<\/a> <\/span>[\/vc_column_text][vc_empty_space empty_h=&#8221;2&#8243;][vc_column_text uncode_shortcode_id=&#8221;281576&#8243;]<\/p>\n<h3>Domaine d&#8217;am\u00e9nagement Parois et fa\u00e7ades<\/h3>\n<p><span class=\"pdf\"><a href=\"https:\/\/klangraumarchitektur.ch\/wp-content\/uploads\/Waende_und_Fassaden_fr.pdf\" target=\"_blank\" rel=\"noopener\">Utiliser diff\u00e9rents mat\u00e9riaux et articuler les grandes fa\u00e7ades<\/a><br \/>\nGroupe de projet klangraumarchitektur.ch. 2024.<br \/>\n<\/span><\/p>\n<p><span class=\"pdf\"><a href=\"https:\/\/www.cerclebruit.ch\/studies\/klangraum\/AkustischeWirkungVonSchallabsorbierendenFassadenInHinterhoefen_Aug2022.pdf\" target=\"_blank\" rel=\"noopener\">Akustische Wirkung von schallabsorbierenden Fassaden in Hinterh\u00f6fen<\/a> (en allemand)<br \/>Kurt Eggenschwiler, Beat Sch\u00e4ffer, Tilljan Janson. EMPA. 2022.<br \/>\n<\/span><\/p>\n<p><span class=\"pdf\"><a href=\"https:\/\/www.cerclebruit.ch\/studies\/klangraum\/fs-2021-arb18-schallabsorbierende-fassaden_.pdf\" target=\"_blank\" rel=\"noopener\">Schallabsorbierende Fassaden (en allemand)<br \/><\/a><\/span><br \/>\n<span style=\"font-family: -apple-system, BlinkMacSystemFont, 'Segoe UI', Roboto, Oxygen-Sans, Ubuntu, Cantarell, 'Helvetica Neue', sans-serif;\">Janic Scheidegger, Jordan Schmidi, Rebecca Str\u00e4ssle. ZHAW. 2021.  <\/span>[\/vc_column_text][vc_empty_space empty_h=&#8221;2&#8243;][vc_column_text uncode_shortcode_id=&#8221;194173&#8243;]<\/p>\n<h3>Domaine d&#8217;am\u00e9nagement Sol et chemins<\/h3>\n<p><span class=\"pdf\"><a href=\"https:\/\/klangraumarchitektur.ch\/wp-content\/uploads\/Boden_und_Wege_fr.pdf\" target=\"_blank\" rel=\"noopener\">Favoriser la diversit\u00e9 des mat\u00e9riaux au sol<\/a><br \/>\nGroupe de projet klangraumarchitektur.ch. 2024. <\/span>[\/vc_column_text][vc_empty_space empty_h=&#8221;2&#8243;][vc_column_text uncode_shortcode_id=&#8221;114742&#8243;]<\/p>\n<h3>Domaine d&#8217;am\u00e9nagement Plantes et animaux<\/h3>\n<p><span class=\"pdf\"><a href=\"https:\/\/klangraumarchitektur.ch\/wp-content\/uploads\/klang_der_pflanzen.pdf\" target=\"_blank\" rel=\"noopener\">Der Klang der Pflanzen<\/a> (en allemand)<br \/>\nSeverin Krieger. <\/span><span class=\"pdf\">Klangraumarchitektur.ch. 2024. <\/span><\/p>\n<p><span class=\"pdf\"><a href=\"https:\/\/klangraumarchitektur.ch\/wp-content\/uploads\/20240315_MB_Tierstimmen_erweitern_die_klangvielfalt.pdf\" target=\"_blank\" rel=\"noopener\">Tierstimmen erweitern die Klangvielfalt<\/a><\/span> (en allemand)<br \/>Gudrun Hoppe. Klangraumarchitektur.ch. 2024.  <\/p>\n<p><span class=\"pdf\"><a href=\"https:\/\/www.birdlife.ch\/sites\/default\/files\/documents\/Broschuere_Begruente-Daecher_220dpi.pdf\" target=\"_blank\" rel=\"noopener\">Begr\u00fcnte W\u00e4nde und D\u00e4cher<\/a> (en allemand)<br \/>\nIris Scholl, Christa Glauser. BirdLife Schweiz. 2018.  <\/span>[\/vc_column_text][vc_empty_space empty_h=&#8221;2&#8243;][vc_column_text uncode_shortcode_id=&#8221;142348&#8243;]<\/p>\n<h3>Domaine d&#8217;am\u00e9nagement Eau<\/h3>\n<p><span class=\"pdf\"><a href=\"https:\/\/klangraumarchitektur.ch\/wp-content\/uploads\/20230918_Wasser_und_Verkehr_leicht.pdf\" target=\"_blank\" rel=\"noopener\">Mit Brunnen, Bach und Fluss gegen L\u00e4rm von Auto, Tram und Bus<\/a><br \/>\nBeat Hohmann. Fachgruppe Klangraumgestaltung des Cercle Bruit Schweiz. 2023.  <\/span><\/p>\n<p><span class=\"pdf\"><a href=\"https:\/\/www.cerclebruit.ch\/studies\/klangraum\/Wasser_und_Verkehr_V8_fr.pdf\" target=\"_blank\" rel=\"noopener\">Contrer le bruit des automobiles, des tramways et des bus avec les fontaines et les cours d\u2019eau<\/a><br \/>\nBeat W. Hohmann. Groupe sp\u00e9cialis\u00e9 dans l&#8217;am\u00e9nagement de l&#8217;espace sonore du Cercle Bruit. 2023.  <\/span>[\/vc_column_text][vc_empty_space empty_h=&#8221;2&#8243;][vc_column_text uncode_shortcode_id=&#8221;255056&#8243;]<\/p>\n<h3>Domaine d&#8217;am\u00e9nagement Art sonore<\/h3>\n<p><span class=\"pdf\"><a href=\"https:\/\/klangraumarchitektur.ch\/wp-content\/uploads\/20240408_klang_als_kontext.pdf\" target=\"_blank\" rel=\"noopener\">Klang als Kontext &#8211; Die Suspended Sound Line als identit\u00e4tsstiftende Intervention im \u00f6ffentlichen Klangraum<\/a><\/span> (en allemand)<br \/>Tobias Reber. Klangraumarchitektur.ch. 2024.  <\/p>\n<p><span class=\"pdf\"><a href=\"https:\/\/www.cerclebruit.ch\/studies\/klangraum\/Kurzbeschrieb-Harmonic-Gate.pdf\" target=\"_blank\" rel=\"noopener\">Klangraumgestaltung mit \u00abHarmonic Gate\u00bb<\/a> (en allemand)<br \/>Bruce Odland, Sam Auinger. Cercle Bruit Schweiz. 2020.  <\/span><\/p>\n<p><span class=\"pdf\"><a href=\"https:\/\/klangraumarchitektur.ch\/wp-content\/uploads\/im_einklang_collage_Koenig_Klaus.pdf\" target=\"_blank\" rel=\"noopener\">Im Einklang mit dem Limmattal<\/a> (en allemand)<br \/>Klaus W. K\u00f6nig. 2023. <\/span>[\/vc_column_text][\/vc_tab][vc_tab gutter_size=&#8221;2&#8243; column_padding=&#8221;2&#8243; title=&#8221;Synergies avec la lutte contre les fortes chaleurs&#8221; tab_id=&#8221;1709560437918-11-4&#8243;][vc_column_text uncode_shortcode_id=&#8221;199080&#8243;]<\/p>\n<h2>Synergies avec la lutte contre les fortes chaleurs<\/h2>\n<p><span class=\"pdf\"><a href=\"https:\/\/klangraumarchitektur.ch\/wp-content\/uploads\/Klangqualitaet_Hitzeschutz_fr.pdf\" target=\"_blank\" rel=\"noopener\">Conjuguer qualit\u00e9 sonore et protection contre les fortes chaleurs<\/a><br \/>\nGroupe de projet klangraumarchitektur.ch. 2024. <\/span><\/p>\n<p><span class=\"arrowUrl\"><a href=\"https:\/\/www.zh.ch\/de\/umwelt-tiere\/klima\/hitze-im-siedlungsraum\/massnahmen-gegen-hitze.html\" target=\"_blank\" rel=\"noopener\">Canton de Zurich \u00abMassnahmen gegen Hitze\u00bb (en allemand)<\/a><\/span><\/p>\n<p><span class=\"arrowUrl\"><a href=\"https:\/\/www.ag.ch\/de\/themen\/klimawandel\/leitfaden-hitzeangepasste-siedlungsentwicklung\" target=\"_blank\" rel=\"noopener\">Canton d&#8217;Argovie: Leitfaden Hitzeangepasste Siedlungsentwicklung (en allemand)<br \/><\/a><\/span><\/p>\n<p><span class=\"arrowUrl\"><a href=\"https:\/\/www.umverkehr.ch\/crowdplanning\" target=\"_blank\" rel=\"noopener\">Initiative des Vereins UmverkehR in der Stadt Z\u00fcrich (en allemand)<br \/><\/a><\/span>[\/vc_column_text][\/vc_tab][\/vc_tabs][\/vc_column][vc_column column_width_percent=&#8221;100&#8243; position_vertical=&#8221;bottom&#8221; gutter_size=&#8221;3&#8243; overlay_alpha=&#8221;50&#8243; shift_x=&#8221;0&#8243; shift_y=&#8221;0&#8243; shift_y_down=&#8221;0&#8243; z_index=&#8221;0&#8243; medium_width=&#8221;0&#8243; mobile_width=&#8221;0&#8243; width=&#8221;2\/12&#8243; uncode_shortcode_id=&#8221;138955&#8243;][\/vc_column][\/vc_row]<\/p>\n<\/div>","protected":false},"excerpt":{"rendered":"<p>[vc_row][vc_column width=&#8221;9\/12&#8243;][vc_custom_heading auto_text=&#8221;yes&#8221; heading_semantic=&#8221;h1&#8243; text_size=&#8221;h1&#8243; uncode_shortcode_id=&#8221;101108&#8243;]This is a custom heading element.[\/vc_custom_heading][vc_column_text uncode_shortcode_id=&#8221;125049&#8243;]Nous nous limitons ici \u00e0 une s\u00e9lection de bases [&hellip;]<\/p>\n","protected":false},"author":1,"featured_media":0,"parent":0,"menu_order":0,"comment_status":"closed","ping_status":"closed","template":"","meta":{"_themeisle_gutenberg_block_has_review":false,"footnotes":""},"class_list":["post-3017","page","type-page","status-publish","hentry"],"_links":{"self":[{"href":"https:\/\/klangraumarchitektur.ch\/fr\/wp-json\/wp\/v2\/pages\/3017","targetHints":{"allow":["GET"]}}],"collection":[{"href":"https:\/\/klangraumarchitektur.ch\/fr\/wp-json\/wp\/v2\/pages"}],"about":[{"href":"https:\/\/klangraumarchitektur.ch\/fr\/wp-json\/wp\/v2\/types\/page"}],"author":[{"embeddable":true,"href":"https:\/\/klangraumarchitektur.ch\/fr\/wp-json\/wp\/v2\/users\/1"}],"replies":[{"embeddable":true,"href":"https:\/\/klangraumarchitektur.ch\/fr\/wp-json\/wp\/v2\/comments?post=3017"}],"version-history":[{"count":20,"href":"https:\/\/klangraumarchitektur.ch\/fr\/wp-json\/wp\/v2\/pages\/3017\/revisions"}],"predecessor-version":[{"id":3170,"href":"https:\/\/klangraumarchitektur.ch\/fr\/wp-json\/wp\/v2\/pages\/3017\/revisions\/3170"}],"wp:attachment":[{"href":"https:\/\/klangraumarchitektur.ch\/fr\/wp-json\/wp\/v2\/media?parent=3017"}],"curies":[{"name":"wp","href":"https:\/\/api.w.org\/{rel}","templated":true}]}}