{"id":3011,"date":"2023-09-21T09:05:36","date_gmt":"2023-09-21T07:05:36","guid":{"rendered":"https:\/\/klangraumarchitektur.ch\/amenager-les-espaces-sonores\/"},"modified":"2025-08-25T22:38:28","modified_gmt":"2025-08-25T20:38:28","slug":"amenager-les-espaces-sonores","status":"publish","type":"page","link":"https:\/\/klangraumarchitektur.ch\/fr\/amenager-les-espaces-sonores\/","title":{"rendered":"Am\u00e9nager les espaces sonores <br>"},"content":{"rendered":"<div class=\"wpb-content-wrapper\"><p>[vc_row][vc_column width=&#8221;8\/12&#8243;][vc_custom_heading auto_text=&#8221;yes&#8221; heading_semantic=&#8221;h1&#8243; text_size=&#8221;h1&#8243; uncode_shortcode_id=&#8221;101108&#8243;]This is a custom heading element.[\/vc_custom_heading][vc_column_text uncode_shortcode_id=&#8221;495740&#8243;]La qualit\u00e9 de s\u00e9jour acoustique peut en principe \u00eatre am\u00e9lior\u00e9e de deux mani\u00e8res : par une protection contre le bruit, par l&#8217;absorption ou la diffusion du son (mesures passives) ou par l&#8217;introduction de sources sonores suppl\u00e9mentaires (mesures actives). Alors que la configuration du terrain, des b\u00e2timents, des fa\u00e7ades, des sols ou de la v\u00e9g\u00e9tation influence l&#8217;espace sonore de mani\u00e8re passive, les plantes et surtout les animaux, mais aussi l&#8217;eau ou l&#8217;art sonore, peuvent enrichir l&#8217;espace sonore de mani\u00e8re active.<\/p>\n<p>Dans tous les cas, il est important de reconna\u00eetre et de mettre en valeur le potentiel des espaces libres existants en termes de qualit\u00e9 acoustique. Parmi les \u00e9l\u00e9ments \u00e0 consid\u00e9rer figurent les arbres ou les b\u00e2timents existants etc. Lors de la planification de nouveaux espaces libres, des connaissances de base des effets acoustiques des mat\u00e9riaux et des mesures sont utiles. Il faut \u00e9galement garder \u00e0 l&#8217;esprit que ce qui est beau et contemporain ne sonne pas forc\u00e9ment bien ![\/vc_column_text][vc_empty_space empty_h=&#8221;2&#8243; mobile_visibility=&#8221;yes&#8221;][\/vc_column][vc_column width=&#8221;4\/12&#8243;][\/vc_column][\/vc_row][vc_row][vc_column width=&#8221;7\/12&#8243;][vc_empty_space empty_h=&#8221;2&#8243; mobile_visibility=&#8221;yes&#8221;][vc_column_text uncode_shortcode_id=&#8221;873940&#8243; el_id=&#8221;gelaende_strukturierung&#8221;]<\/p>\n<h3>Terrain et structuration<\/h3>\n<p>La topographie d&#8217;un espace ext\u00e9rieur joue un r\u00f4le central dans l&#8217;espace sonore. Un terrain comportant diff\u00e9rents paliers de hauteur, des niches et des creux engendre des exp\u00e9riences d&#8217;\u00e9coute vari\u00e9es et contribue \u00e0 la diversit\u00e9 acoustique.<\/p>\n<p><span class=\"pdf\"><a href=\"https:\/\/klangraumarchitektur.ch\/wp-content\/uploads\/gelaende_und_strukturierung_fr.pdf\" target=\"_blank\" rel=\"noopener\">Un terrain model\u00e9 pour une diversit\u00e9 acoustique<\/a><\/span>[\/vc_column_text][\/vc_column][vc_column width=&#8221;5\/12&#8243;][vc_single_image media=&#8221;2950&#8243; media_width_percent=&#8221;100&#8243; uncode_shortcode_id=&#8221;266770&#8243;][\/vc_column][\/vc_row][vc_row][vc_column width=&#8221;7\/12&#8243;][vc_empty_space empty_h=&#8221;1&#8243; mobile_visibility=&#8221;yes&#8221;][vc_column_text uncode_shortcode_id=&#8221;155827&#8243; el_id=&#8221;gelaende_strukturierung&#8221;]<\/p>\n<h3>B\u00e2timents, petites constructions et murs<\/h3>\n<p>La disposition des b\u00e2timents cr\u00e9e de nouveaux espaces publics. Diff\u00e9rents crit\u00e8res d&#8217;urbanisme s&#8217;appliquent ici. Si l&#8217;on tient \u00e9galement compte des conditions acoustiques, cela peut consid\u00e9rablement am\u00e9liorer la qualit\u00e9 de s\u00e9jour. Les b\u00e2timents peuvent faire \u00e9cran au bruit (par exemple des axes de circulation) et agir comme des parois antibruit. Cependant, ils peuvent aussi servir de surfaces de r\u00e9flexion et propager le bruit dans les zones prot\u00e9g\u00e9es par une barre d&#8217;immeuble.<br \/>\nDans les parcs, sur les places ou dans les cours int\u00e9rieures, de petites constructions ou de petits obstacles sonores tels que des murets peuvent \u00e9galement \u00eatre efficaces pour am\u00e9liorer localement l&#8217;acoustique.<\/p>\n<p><span class=\"pdf\"><a href=\"https:\/\/klangraumarchitektur.ch\/wp-content\/uploads\/gebauede_kleinbauten_schuetzen_gliedern_fr.pdf\" target=\"_blank\" rel=\"noopener\">Les b\u00e2timents et les petites constructions prot\u00e8gent et articulent l\u2019espace<\/a><br \/>\n<a href=\"https:\/\/klangraumarchitektur.ch\/wp-content\/uploads\/Faktenblatt_Akustische_Wirkung_Mauern.pdf\" target=\"_blank\" rel=\"noopener\">Plus de calme m\u00eame derri\u00e8re de petits murets<\/a><br \/>\n<\/span>[\/vc_column_text][\/vc_column][vc_column width=&#8221;4\/12&#8243;][vc_empty_space empty_h=&#8221;1&#8243;][vc_single_image media=&#8221;2956&#8243; media_width_percent=&#8221;100&#8243; uncode_shortcode_id=&#8221;155472&#8243;][\/vc_column][vc_column width=&#8221;1\/12&#8243;][\/vc_column][\/vc_row][vc_row][vc_column width=&#8221;7\/12&#8243;][vc_empty_space empty_h=&#8221;3&#8243; mobile_visibility=&#8221;yes&#8221;][vc_column_text uncode_shortcode_id=&#8221;814381&#8243; el_id=&#8221;gelaende_strukturierung&#8221;]<\/p>\n<h3>Parois et fa\u00e7ades<\/h3>\n<p>Les fa\u00e7ades des b\u00e2timents et les surfaces murales rev\u00eatent une importance particuli\u00e8re pour l&#8217;acoustique des espaces ext\u00e9rieurs, car leur articulation et les mat\u00e9riaux utilis\u00e9s d\u00e9terminent non seulement les propri\u00e9t\u00e9s visuelles, mais aussi acoustiques. Plus la diversit\u00e9 est grande, plus le son est bon.<\/p>\n<p><span class=\"pdf\"><a href=\"https:\/\/klangraumarchitektur.ch\/wp-content\/uploads\/Waende_und_Fassaden_fr.pdf\" target=\"_blank\" rel=\"noopener\">Utiliser diff\u00e9rents mat\u00e9riaux et articuler les grandes fa\u00e7ades<\/a><br \/>\n<\/span>[\/vc_column_text][\/vc_column][vc_column width=&#8221;4\/12&#8243;][vc_empty_space empty_h=&#8221;1&#8243;][vc_single_image media=&#8221;2909&#8243; media_width_percent=&#8221;100&#8243; uncode_shortcode_id=&#8221;164032&#8243;][\/vc_column][vc_column width=&#8221;1\/12&#8243;][\/vc_column][\/vc_row][vc_row][vc_column width=&#8221;7\/12&#8243;][vc_empty_space empty_h=&#8221;1&#8243; mobile_visibility=&#8221;yes&#8221;][vc_column_text uncode_shortcode_id=&#8221;105537&#8243; el_id=&#8221;gelaende_strukturierung&#8221;]<\/p>\n<h3>Sol et chemins<\/h3>\n<p>Une large palette de mat\u00e9riaux favorise la diversit\u00e9 sonore. De nombreuses solutions d&#8217;am\u00e9nagement permettent d&#8217;y parvenir. Les sols perm\u00e9ables diffusent et absorbent le son et constituent en outre une mesure efficace contre les fortes chaleurs. La nature du sol des chemins p\u00e9destres d\u00e9termine \u00e9galement dans une large mesure le son des pas.<\/p>\n<p><span class=\"pdf\"><a href=\"https:\/\/klangraumarchitektur.ch\/wp-content\/uploads\/Boden_und_Wege_fr.pdf\" target=\"_blank\" rel=\"noopener\">Favoriser la diversit\u00e9 des mat\u00e9riaux au sol<\/a><br \/>\n<\/span>[\/vc_column_text][\/vc_column][vc_column width=&#8221;4\/12&#8243;][vc_empty_space empty_h=&#8221;1&#8243; desktop_visibility=&#8221;yes&#8221; medium_visibility=&#8221;yes&#8221;][vc_single_image media=&#8221;2911&#8243; media_width_percent=&#8221;100&#8243; uncode_shortcode_id=&#8221;150287&#8243;][\/vc_column][vc_column width=&#8221;1\/12&#8243;][\/vc_column][\/vc_row][vc_row][vc_column width=&#8221;7\/12&#8243;][vc_column_text uncode_shortcode_id=&#8221;181343&#8243; el_id=&#8221;gelaende_strukturierung&#8221;]<\/p>\n<h3>Plantes et animaux<\/h3>\n<p>Davantage de verdure de tout genre b\u00e9n\u00e9ficie \u00e0 la fois aux personnes et aux animaux. Dans les zones dens\u00e9ment construites, les plantes contribuent de mani\u00e8re significative \u00e0 la lutte contre les fortes chaleurs. Elles cr\u00e9ent en outre une plus-value \u00e9cologique et apportent une touche de nature en ville.<br \/>\nUtilis\u00e9es \u00e0 bon escient, les plantes diffusent le son et pr\u00e9viennent la monotonie acoustique. Les bruits g\u00e9n\u00e9r\u00e9s par les personnes sont r\u00e9fl\u00e9chis par les arbres et cr\u00e9ent ainsi une impression d&#8217;espace agr\u00e9able. Les haies peuvent \u00e9galement avoir une influence positive sur la qualit\u00e9 sonore.<\/p>\n<p><span class=\"pdf\">En mati\u00e8re de lutte contre le bruit, l&#8217;effet d&#8217;\u00e9cran des haies est n\u00e9gligeable. Mais en termes d&#8217;am\u00e9nagement de l&#8217;espace sonore et dans un contexte concret, la pose d&#8217;une haie comme obstacle aux hautes fr\u00e9quences et comme moyen d&#8217;am\u00e9liorer la qualit\u00e9 sonore m\u00e9rite pleinement d&#8217;\u00eatre \u00e9tudi\u00e9e.<br \/>\n<\/span><span class=\"pdf\"><a href=\"https:\/\/klangraumarchitektur.ch\/wp-content\/uploads\/20240222_Faktenblatt_Akustische_Wirkung_Hecken.pdf\" target=\"_blank\" rel=\"noopener\">Plus de calme gr\u00e2ce aux haies<\/a><\/span><\/p>\n<p><span class=\"pdf\">En termes de diversit\u00e9 sonore et de diffusion acoustique, la v\u00e9g\u00e9tation peut constituer une solution naturelle pour valoriser les places, les parcs et les cours int\u00e9rieures. Le bruissement des feuilles et le cliquetis des capsules des fruits cr\u00e9ent en outre une identit\u00e9 acoustique.<br \/>\n<a href=\"https:\/\/klangraumarchitektur.ch\/wp-content\/uploads\/klang_der_pflanzen.pdf\" target=\"_blank\" rel=\"noopener\">Le son des plantes<\/a> <\/span><\/p>\n<p><span class=\"pdf\">Les structures bois\u00e9es sont des habitats importants pour les esp\u00e8ces animales les plus diverses. Les animaux qui vivent dans la v\u00e9g\u00e9tation cr\u00e9ent par leurs sons une atmosph\u00e8re proche de la nature et att\u00e9nuent l&#8217;effet perturbateur du bruit.<br \/>\n<a href=\"https:\/\/klangraumarchitektur.ch\/wp-content\/uploads\/20240315_MB_Tierstimmen_erweitern_die_klangvielfalt.pdf\" target=\"_blank\" rel=\"noopener\">Les voix des animaux augmentent la diversit\u00e9 sonore<\/a> <\/span>[\/vc_column_text][\/vc_column][vc_column width=&#8221;4\/12&#8243;][vc_empty_space empty_h=&#8221;2&#8243; mobile_visibility=&#8221;yes&#8221;][vc_single_image media=&#8221;2904&#8243; media_width_percent=&#8221;100&#8243; uncode_shortcode_id=&#8221;556488&#8243;][\/vc_column][vc_column width=&#8221;1\/12&#8243;][\/vc_column][\/vc_row][vc_row][vc_column width=&#8221;7\/12&#8243;][vc_empty_space empty_h=&#8221;1&#8243; mobile_visibility=&#8221;yes&#8221;][vc_column_text uncode_shortcode_id=&#8221;675527&#8243; el_id=&#8221;gelaende_strukturierung&#8221;]<\/p>\n<h3>Eau<\/h3>\n<p>Les sons de l&#8217;eau animent les lieux de s\u00e9jour de mani\u00e8re toute particuli\u00e8re, car nous associons l&#8217;eau \u00e0 la fra\u00eecheur, \u00e0 la d\u00e9salt\u00e9ration, \u00e0 la propret\u00e9 &#8211; bref, \u00e0 la vie. Les sons de l&#8217;eau peuvent rel\u00e9guer le bruit de la circulation \u00e0 l&#8217;arri\u00e8re-plan et ainsi am\u00e9liorer la qualit\u00e9 sonore. Les eaux naturelles ont un son joyeux, les eaux canalis\u00e9es un son creux ou pas de son du tout. Les fontaines doivent \u00eatre plac\u00e9es de mani\u00e8re favorable sur le plan acoustique et \u00eatre adapt\u00e9es \u00e0 leur environnement.<br \/>\nDes fontaines et des jeux d&#8217;eau vari\u00e9s permettent une stimulation r\u00e9p\u00e9t\u00e9e et d\u00e9tournent ainsi l&#8217;attention du bruit ambiant.<br \/>\nL&#8217;art sonore associ\u00e9 \u00e0 l&#8217;eau fait le bonheur des jeunes et des moins jeunes, surtout lorsqu&#8217;il se pr\u00eate \u00e0 une d\u00e9couverte ludique.<\/p>\n<p><span class=\"pdf\">Le document <a href=\"https:\/\/www.cerclebruit.ch\/studies\/klangraum\/Wasser_und_Verkehr_V8_fr.pdf\" target=\"_blank\" rel=\"noopener\">Contrer le bruit des automobiles, des tramways et des bus avec les fontaines et les cours d\u2019eau<\/a><\/span> aborde le th\u00e8me des sons de l&#8217;eau dans le contexte du bruit de la circulation \u00e0 l&#8217;aide de 40 exemples accompagn\u00e9s de d\u00e9monstrations sonores.[\/vc_column_text][vc_empty_space empty_h=&#8221;1&#8243; mobile_visibility=&#8221;yes&#8221;][\/vc_column][vc_column width=&#8221;4\/12&#8243;][vc_single_image media=&#8221;2906&#8243; media_width_percent=&#8221;100&#8243; uncode_shortcode_id=&#8221;165210&#8243;][\/vc_column][vc_column width=&#8221;1\/12&#8243;][\/vc_column][\/vc_row][vc_row][vc_column width=&#8221;7\/12&#8243;][vc_column_text uncode_shortcode_id=&#8221;214355&#8243; el_id=&#8221;gelaende_strukturierung&#8221;]<\/p>\n<h3>Art sonore<\/h3>\n<p>Les interventions artistiques contribuent \u00e0 fa\u00e7onner la qualit\u00e9 de s\u00e9jour dans l&#8217;espace public. Dans l&#8217;id\u00e9al, elles donnent un sens aux sons, communiquent avec l&#8217;environnement, attirent notre attention et nous font d\u00e9couvrir l&#8217;environnement sous un jour nouveau.<br \/>\nL&#8217;art sonore peut contribuer \u00e0 renforcer l&#8217;identification avec un lieu et ainsi le rendre plus pr\u00e9cieux pour la population. L&#8217;eau est particuli\u00e8rement appr\u00e9ci\u00e9e comme \u00e9l\u00e9ment de projets artistiques.[\/vc_column_text][vc_accordion gutter_simple=&#8221;0&#8243; uncode_shortcode_id=&#8221;178994&#8243; active_tab=&#8221;0&#8243;][vc_accordion_tab gutter_size=&#8221;2&#8243; column_padding=&#8221;2&#8243; title=&#8221;L&#8217;art sonore dans les espaces ext\u00e9rieurs&#8221; tab_id=&#8221;1709824249-1-89&#8243;][vc_column_text uncode_shortcode_id=&#8221;855984&#8243;]L&#8217;art sonore dans les espaces publics favorise une interaction sensorielle directe avec l&#8217;environnement et renforce l&#8217;identification avec l&#8217;espace.<br \/>\nIl est important que les \u0153uvres d&#8217;art interagissent avec le contexte local et social. Il se cr\u00e9e ainsi une interaction pr\u00e9cieuse entre l&#8217;\u0153uvre d&#8217;art, les personnes qui la per\u00e7oivent et leur environnement<strong>.<\/strong> Les interventions artistiques sonores permettent de r\u00e9interpr\u00e9ter les sons quotidiens que nous ignorons dans le meilleur des cas et que nous consid\u00e9rons comme d\u00e9rangeants dans le pire des cas. L&#8217;art sonore a pour but de susciter l&#8217;\u00e9tonnement et la surprise et peut produire un effet diff\u00e9rent selon les personnes.[\/vc_column_text][vc_empty_space empty_h=&#8221;2&#8243;][vc_column_text uncode_shortcode_id=&#8221;119088&#8243;]<\/p>\n<h3>L&#8217;art sonore par la transformation des sons environnants existants<\/h3>\n<p><span class=\"brownUnderlineUrl\">L&#8217;ajout ou la transformation de sons peut contribuer \u00e0 masquer des bruits d\u00e9sagr\u00e9ables et \u00e0 am\u00e9liorer la qualit\u00e9 sonore d&#8217;un environnement. L&#8217;objectif est d&#8217;attirer l&#8217;attention sur d&#8217;autres aspects sonores du lieu. L&#8217;\u0153uvre <a href=\"https:\/\/www.stadt-zuerich.ch\/de\/stadtleben\/kultur\/kultur-leben\/kioer.html#kunstwerke_im_bestand\" target=\"_blank\" rel=\"noopener\">\u00ab Harmonic Gate \u00bb<\/a> de Sam Auinger et Bruce Odland \u00e0 l&#8217;Europaallee \u00e0 Zurich en est un bon exemple. \u00ab L&#8217;\u0153uvre d&#8217;art raconte une autre histoire du lieu \u00bb, explique Sam Auinger. \u00ab Elle nous aide \u00e0 appr\u00e9hender notre propre environnement de mani\u00e8re nouvelle. Nous sommes invit\u00e9s \u00e0 aiguiser nos sens et \u00e0 vivre l&#8217;espace urbain dans une perspective auditive \u00bb. <\/span>[\/vc_column_text][vc_column_text uncode_shortcode_id=&#8221;200032&#8243; css=&#8221;.vc_custom_1714287477964{padding-top: 26px !important;}&#8221;]<span class=\"brownUnderlineUrl soundExample\"><a href=\"https:\/\/www.youtube.com\/watch?v=wpQzYty9W-U&amp;t=5s\" target=\"_blank\" rel=\"noopener\">\u00c9chantillon sonore<\/a><\/span>[\/vc_column_text][vc_empty_space empty_h=&#8221;2&#8243;][vc_column_text uncode_shortcode_id=&#8221;177619&#8243;]<\/p>\n<h3>Art sonore associ\u00e9 \u00e0 l&#8217;eau<\/h3>\n<p><span class=\"brownUnderlineUrl\">L&#8217;eau est un \u00e9l\u00e9ment tr\u00e8s appr\u00e9ci\u00e9 dans le cadre de projets artistiques. Dans les zones dens\u00e9ment construites, les jeux d&#8217;eau offrent en outre un rafra\u00eechissement agr\u00e9able et favorisent les interactions avec l&#8217;environnement. La c\u00e9l\u00e8bre <a href=\"https:\/\/sga-ssa-binaural.s3.eu-central-1.amazonaws.com\/participations\/1628180992801_Tinguely_Fontain.mp4\" target=\"_blank\" rel=\"noopener\">fontaine Tinguely \u00e0 B\u00e2le<\/a> en est un bon exemple. Avec ses bruits vari\u00e9s et atypiques, elle va bien au-del\u00e0 du clapotis habituel d&#8217;une fontaine. <\/span>[\/vc_column_text][vc_empty_space empty_h=&#8221;2&#8243;][vc_column_text uncode_shortcode_id=&#8221;144010&#8243;]<\/p>\n<h3>Le son comme contexte<\/h3>\n<p>La \u00ab Suspended Sound Line \u00bb, plus commun\u00e9ment connue sous le nom de <em>pont sonore<\/em>, de Max Neuhaus \u00e0 Berne, illustre le potentiel de l&#8217;art sonore en tant qu&#8217;intervention cr\u00e9atrice d&#8217;identit\u00e9 dans l&#8217;espace public.[\/vc_column_text][vc_empty_space empty_h=&#8221;2&#8243;][vc_single_image media=&#8221;2850&#8243; media_width_percent=&#8221;100&#8243; uncode_shortcode_id=&#8221;139875&#8243;][vc_column_text uncode_shortcode_id=&#8221;926592&#8243;]<em>L&#8217;art sonore sugg\u00e8re que les sonorit\u00e9s \u00e9labor\u00e9es repr\u00e9sentent un int\u00e9r\u00eat \u00e9l\u00e9mentaire dans l&#8217;espace public et qu&#8217;il peut en r\u00e9sulter une signification tout \u00e0 fait nouvelle, encore largement inconnue, pour la perception qualitative de l&#8217;espace.<\/em>[\/vc_column_text][vc_column_text text_lead=&#8221;small&#8221; uncode_shortcode_id=&#8221;173259&#8243;]<\/p>\n<p style=\"text-align: left;\">Andres Bosshard, artiste sonore<\/p>\n<p>[\/vc_column_text][vc_single_image media=&#8221;2851&#8243; media_width_percent=&#8221;100&#8243; uncode_shortcode_id=&#8221;212264&#8243;][vc_empty_space empty_h=&#8221;2&#8243;][vc_column_text uncode_shortcode_id=&#8221;105458&#8243;]<span class=\"brownUnderlineUrl\">Les exemples de l&#8217;<a href=\"https:\/\/soundscape-intervention.org\/examples\/\" target=\"_blank\" rel=\"noopener\">International Catalogue of Soundscape Interventions<\/a> peuvent \u00eatre une source d&#8217;inspiration pour l&#8217;art sonore dans l&#8217;espace public.<\/span><\/p>\n<p><span class=\"pdf\"><a href=\"https:\/\/klangraumarchitektur.ch\/wp-content\/uploads\/20240408_klang_als_kontext.pdf\" target=\"_blank\" rel=\"noopener\">\u00abKlang als Kontext &#8211; Die Suspended Sound Line als identit\u00e4tsstiftende Intervention im \u00f6ffentlichen Klangraum\u00bb<\/a><\/span>[\/vc_column_text][\/vc_accordion_tab][\/vc_accordion][\/vc_column][vc_column width=&#8221;4\/12&#8243;][vc_empty_space empty_h=&#8221;1&#8243;][vc_single_image media=&#8221;2905&#8243; media_width_percent=&#8221;100&#8243; uncode_shortcode_id=&#8221;709078&#8243;][\/vc_column][vc_column width=&#8221;1\/12&#8243;][\/vc_column][\/vc_row][vc_row][vc_column width=&#8221;9\/12&#8243;][\/vc_column][vc_column width=&#8221;3\/12&#8243;][vc_column_text uncode_shortcode_id=&#8221;268916&#8243;]<span class=\"arrowUrl\"><a href=\"https:\/\/klangraumarchitektur.ch\/fr\/cest-un-test\/\">Exemples, \u00e9coute critique<br \/>\n<\/a><\/span>[\/vc_column_text][\/vc_column][\/vc_row]<\/p>\n<\/div>","protected":false},"excerpt":{"rendered":"<p>[vc_row][vc_column width=&#8221;8\/12&#8243;][vc_custom_heading auto_text=&#8221;yes&#8221; heading_semantic=&#8221;h1&#8243; text_size=&#8221;h1&#8243; uncode_shortcode_id=&#8221;101108&#8243;]This is a custom heading element.[\/vc_custom_heading][vc_column_text uncode_shortcode_id=&#8221;495740&#8243;]La qualit\u00e9 de s\u00e9jour acoustique peut en principe \u00eatre [&hellip;]<\/p>\n","protected":false},"author":1,"featured_media":0,"parent":0,"menu_order":0,"comment_status":"closed","ping_status":"closed","template":"","meta":{"_themeisle_gutenberg_block_has_review":false,"footnotes":""},"class_list":["post-3011","page","type-page","status-publish","hentry"],"_links":{"self":[{"href":"https:\/\/klangraumarchitektur.ch\/fr\/wp-json\/wp\/v2\/pages\/3011","targetHints":{"allow":["GET"]}}],"collection":[{"href":"https:\/\/klangraumarchitektur.ch\/fr\/wp-json\/wp\/v2\/pages"}],"about":[{"href":"https:\/\/klangraumarchitektur.ch\/fr\/wp-json\/wp\/v2\/types\/page"}],"author":[{"embeddable":true,"href":"https:\/\/klangraumarchitektur.ch\/fr\/wp-json\/wp\/v2\/users\/1"}],"replies":[{"embeddable":true,"href":"https:\/\/klangraumarchitektur.ch\/fr\/wp-json\/wp\/v2\/comments?post=3011"}],"version-history":[{"count":43,"href":"https:\/\/klangraumarchitektur.ch\/fr\/wp-json\/wp\/v2\/pages\/3011\/revisions"}],"predecessor-version":[{"id":3215,"href":"https:\/\/klangraumarchitektur.ch\/fr\/wp-json\/wp\/v2\/pages\/3011\/revisions\/3215"}],"wp:attachment":[{"href":"https:\/\/klangraumarchitektur.ch\/fr\/wp-json\/wp\/v2\/media?parent=3011"}],"curies":[{"name":"wp","href":"https:\/\/api.w.org\/{rel}","templated":true}]}}