{"id":2993,"date":"2023-06-18T12:16:14","date_gmt":"2023-06-18T10:16:14","guid":{"rendered":"https:\/\/klangraumarchitektur.ch\/vivre-les-espaces-sonores\/"},"modified":"2025-08-25T22:02:42","modified_gmt":"2025-08-25T20:02:42","slug":"vivre-les-espaces-sonores","status":"publish","type":"page","link":"https:\/\/klangraumarchitektur.ch\/fr\/vivre-les-espaces-sonores\/","title":{"rendered":"Vivre les espaces sonores"},"content":{"rendered":"<div class=\"wpb-content-wrapper\"><p>[vc_row][vc_column width=&#8221;8\/12&#8243;][vc_custom_heading auto_text=&#8221;yes&#8221; heading_semantic=&#8221;h1&#8243; text_size=&#8221;h1&#8243; uncode_shortcode_id=&#8221;101108&#8243;]This is a custom heading element.[\/vc_custom_heading][vc_column_text uncode_shortcode_id=&#8221;396146&#8243;]Dans notre vie quotidienne, l\u2019ou\u00efe joue un r\u00f4le aussi imperceptible qu\u2019essentiel. Nous avons l\u2019habitude de nous fier au sens de la vue. Les stimuli acoustiques sont ignor\u00e9s inconsciemment ou m\u00eame consciemment, par exemple en \u00e9coutant de la musique dans les oreilles. L\u2019environnement visuel agit parfois comme un filtre pour les sons.   <\/p>\n<p>En outre, chaque personne entend un lieu un peu diff\u00e9remment, selon le moment de la journ\u00e9e et son \u00e9tat du moment. Un lieu ne sonne pas toujours de la m\u00eame fa\u00e7on. Il se peut qu\u2019aucune rafale de vent ne fasse bruisser les feuilles, que la fontaine soit arr\u00eat\u00e9e, qu\u2019aucun avion ne gronde dans le ciel et que l\u2019\u00e9cho provenant de la cour arri\u00e8re soit plus faible que d\u2019habitude.  <\/p>\n<p>Quand nous parlons ensemble, nous nous \u00e9coutons mutuellement. Mais dans ces moments-l\u00e0, nous pr\u00eatons presque jamais attention \u00e0 l\u2019environnement. Celui-ci ne nous devient g\u00e9n\u00e9ralement perceptible que lorsqu\u2019il est bruyant et nous d\u00e9range. \u00c9couter l\u2019environnement signifie cependant plus que simplement r\u00e9agir \u00e0 son bruit. Les sons et les bruits nous r\u00e9v\u00e8lent quelque chose du caract\u00e8re d\u2019un lieu, ainsi que de ses histoires. \u00c9couter activement signifie donc ouvrir consciemment ses oreilles. Cela demande de l\u2019attention et de la vigilance \u2013 il faut apprendre \u00e0 \u00e9couter.[\/vc_column_text][\/vc_column][vc_column width=&#8221;4\/12&#8243;][\/vc_column][\/vc_row][vc_row][vc_column width=&#8221;8\/12&#8243;][vc_column_text uncode_shortcode_id=&#8221;162415&#8243;]https:\/\/youtu.be\/DyhRlZE4pUQ?si=ndr2RdIOnlhpIWH1[\/vc_column_text][\/vc_column][vc_column width=&#8221;4\/12&#8243;][vc_empty_space empty_h=&#8221;0&#8243;][vc_column_text uncode_shortcode_id=&#8221;139731&#8243;]<strong>\u00c9coutez vous-m\u00eame !<\/strong><\/p>\n<p>Accompagnez-nous pour une promenade virtuelle le long du lac de Zurich : un environnement qui offre un paysage sonore tr\u00e8s vari\u00e9.<\/p>\n<p>Les diff\u00e9rentes stations peuvent d\u2019abord \u00eatre d\u00e9couvertes par l\u2019\u00e9coute, avant que l\u2019image correspondante n\u2019apparaisse. Que vous imaginez-vous en entendant les sons ? Votre imagination correspond-elle \u00e0 l\u2019image respective ?[\/vc_column_text][\/vc_column][\/vc_row][vc_row row_height_percent=&#8221;0&#8243; back_color=&#8221;color-xsdn&#8221; overlay_alpha=&#8221;50&#8243; gutter_size=&#8221;3&#8243; column_width_percent=&#8221;100&#8243; shift_y=&#8221;0&#8243; z_index=&#8221;0&#8243; uncode_shortcode_id=&#8221;919661&#8243; el_class=&#8221;testimonial&#8221; back_color_type=&#8221;uncode-palette&#8221;][vc_column width=&#8221;2\/3&#8243;][vc_single_image media=&#8221;2850&#8243; media_width_percent=&#8221;100&#8243; uncode_shortcode_id=&#8221;114724&#8243;][vc_column_text uncode_shortcode_id=&#8221;816247&#8243;]<em>Il \u00e9tait fascinant d&#8217;observer comment, lors d&#8217;une promenade sonore \u00e0 travers Aarau avec le service cantonal du d\u00e9veloppement territorial, les coll\u00e8gues ont soudain d\u00e9couvert une nouvelle dimension de l&#8217;espace, auparavant peu connue mais tr\u00e8s importante pour \u00e9valuer la qualit\u00e9 des espaces libres dans les zones urbaines. L&#8217;am\u00e9nagement de l&#8217;espace sonore est incontestablement un \u00e9l\u00e9ment important pour un d\u00e9veloppement urbain de qualit\u00e9 vers l&#8217;int\u00e9rieur ! <\/em>[\/vc_column_text][vc_column_text text_lead=&#8221;small&#8221; uncode_shortcode_id=&#8221;301230&#8243;]<\/p>\n<p style=\"text-align: left;\">Heiko Loretan, chef du service de l&#8217;environnement, d\u00e9partement des constructions, des transports et de l&#8217;environnement, canton d&#8217;Argovie<\/p>\n<p>[\/vc_column_text][vc_single_image media=&#8221;2851&#8243; media_width_percent=&#8221;100&#8243; uncode_shortcode_id=&#8221;111157&#8243;][\/vc_column][vc_column width=&#8221;1\/3&#8243;][\/vc_column][\/vc_row][vc_row][vc_column width=&#8221;8\/12&#8243;][vc_custom_heading uncode_shortcode_id=&#8221;489598&#8243;]Sentiers sonores <br \/>[\/vc_custom_heading][vc_column_text uncode_shortcode_id=&#8221;608687&#8243;]Dans le cadre du projet-mod\u00e8le pour un d\u00e9veloppement territorial durable \u00abRuheorte. H\u00f6rorte.\u00bb (lieux de silence, lieux d&#8217;\u00e9coute), diff\u00e9rents sentiers sonores ont \u00e9t\u00e9 mis en place le long de la vall\u00e9e de la Limmat, tr\u00e8s expos\u00e9e au bruit, afin de sensibiliser la population \u00e0 la qualit\u00e9 acoustique de l&#8217;espace public. Les approches d\u00e9velopp\u00e9es dans le cadre de ce projet peuvent \u00e9galement \u00eatre transpos\u00e9es dans d&#8217;autres r\u00e9gions expos\u00e9es au bruit. <\/p>\n<p><span class=\"brownUnderlineUrl\">Le projet est int\u00e9gr\u00e9 \u00e0 la <a href=\"http:\/\/www.regionale2025.ch\/\" target=\"_blank\" rel=\"noopener\">\u00abRegionale Projektschau Limmattal 2025\u00bb<\/a>, la plateforme pour les projets innovants dans la vall\u00e9e de la Limmat consacr\u00e9s aux d\u00e9fis et potentiels actuels de la r\u00e9gion.<\/span>[\/vc_column_text][vc_column_text uncode_shortcode_id=&#8221;149639&#8243;]<span class=\"pdf\">Les cartes de Dietikon et de Baden ci-dessous permettent de d\u00e9couvrir des lieux d&#8217;\u00e9coute int\u00e9ressants qui peuvent \u00eatre visit\u00e9s au cours d&#8217;une promenade, ainsi qu&#8217;un guide pour une \u00e9coute attentive et ludique. Le \u00ab rideau d&#8217;eau \u00bb du pont de Vorstadtbr\u00fccke (<a href=\"https:\/\/www.cerclebruit.ch\/studies\/klangraum\/Wasser_und_Verkehr_V8_fr.pdf\" target=\"_blank\" rel=\"noopener\">Contrer le bruit des automobiles, des tramways et des bus avec les fontaines et les cours d\u2019eau<\/a>) offre une exp\u00e9rience auditive toute particuli\u00e8re (sur le parcours de Dietikon). Il renforce le bruit naturel de la Reppisch qui passe sous le pont et incite \u00e0 l&#8217;interaction. Il a \u00e9t\u00e9 con\u00e7u par l&#8217;artiste sonore Andres Bosshard en collaboration avec l&#8217;entreprise Metallatelier.   <\/span>[\/vc_column_text][vc_column_text uncode_shortcode_id=&#8221;633581&#8243;]https:\/\/vimeo.com\/706654885[\/vc_column_text][\/vc_column][vc_column width=&#8221;4\/12&#8243;][vc_empty_space empty_h=&#8221;2&#8243;][\/vc_column][\/vc_row][vc_row][vc_column width=&#8221;1\/3&#8243;][vc_single_image media=&#8221;2897&#8243; media_width_percent=&#8221;100&#8243; uncode_shortcode_id=&#8221;173759&#8243; media_link=&#8221;url:https%3A%2F%2Fklangraumarchitektur.ch%2Fwp-content%2Fuploads%2F01_PDF_karte_klangspaziergang_Dietikon.pdf|target:_blank&#8221;][vc_column_text uncode_shortcode_id=&#8221;104212&#8243;]<span class=\"pdf\"><a href=\"https:\/\/klangraumarchitektur.ch\/wp-content\/uploads\/01_PDF_karte_klangspaziergang_Dietikon.pdf\" target=\"_blank\" rel=\"noopener\">Promenade urbaine \u00e0 Dietikon<\/a><\/span>[\/vc_column_text][\/vc_column][vc_column width=&#8221;1\/3&#8243;][vc_single_image media=&#8221;2945&#8243; media_width_percent=&#8221;100&#8243; uncode_shortcode_id=&#8221;242583&#8243; media_link=&#8221;url:https%3A%2F%2Fklangraumarchitektur.ch%2Fwp-content%2Fuploads%2F01_PDF_karte_klangspaziergang_Baden.pdf|target:_blank&#8221;][vc_column_text uncode_shortcode_id=&#8221;956150&#8243;]<span class=\"pdf\"><a href=\"https:\/\/klangraumarchitektur.ch\/wp-content\/uploads\/01_PDF_karte_klangspaziergang_Baden.pdf\" target=\"_blank\" rel=\"noopener\">Promenade urbaine \u00e0 Baden<\/a><\/span>[\/vc_column_text][\/vc_column][vc_column width=&#8221;1\/3&#8243;][vc_column_text uncode_shortcode_id=&#8221;154257&#8243;]<span class=\"arrowUrl\">Vous pouvez trouver d&#8217;autres \u00ab sentiers sonores \u00bb dans la vall\u00e9e de la Limmat sur le site <a href=\"https:\/\/urbanidentity.info\/klangreferenzlimmattal\/\" target=\"_blank\" rel=\"noopener\">ruheortehoerorte.ch<\/a>.<\/span>[\/vc_column_text][\/vc_column][\/vc_row][vc_row][vc_column width=&#8221;1\/3&#8243;][\/vc_column][vc_column width=&#8221;1\/3&#8243;][\/vc_column][vc_column width=&#8221;1\/3&#8243;][vc_column_text uncode_shortcode_id=&#8221;401738&#8243;]<span class=\"arrowUrl\"><a href=\"https:\/\/klangraumarchitektur.ch\/fr\/comprendre-les-espaces-sonores\/\">Comprendre les espaces sonores<\/a><\/span>[\/vc_column_text][\/vc_column][\/vc_row]<\/p>\n<\/div>","protected":false},"excerpt":{"rendered":"<p>[vc_row][vc_column width=&#8221;8\/12&#8243;][vc_custom_heading auto_text=&#8221;yes&#8221; heading_semantic=&#8221;h1&#8243; text_size=&#8221;h1&#8243; uncode_shortcode_id=&#8221;101108&#8243;]This is a custom heading element.[\/vc_custom_heading][vc_column_text uncode_shortcode_id=&#8221;396146&#8243;]Dans notre vie quotidienne, l\u2019ou\u00efe joue un r\u00f4le aussi [&hellip;]<\/p>\n","protected":false},"author":2,"featured_media":0,"parent":0,"menu_order":0,"comment_status":"closed","ping_status":"closed","template":"","meta":{"_themeisle_gutenberg_block_has_review":false,"footnotes":""},"class_list":["post-2993","page","type-page","status-publish","hentry"],"_links":{"self":[{"href":"https:\/\/klangraumarchitektur.ch\/fr\/wp-json\/wp\/v2\/pages\/2993","targetHints":{"allow":["GET"]}}],"collection":[{"href":"https:\/\/klangraumarchitektur.ch\/fr\/wp-json\/wp\/v2\/pages"}],"about":[{"href":"https:\/\/klangraumarchitektur.ch\/fr\/wp-json\/wp\/v2\/types\/page"}],"author":[{"embeddable":true,"href":"https:\/\/klangraumarchitektur.ch\/fr\/wp-json\/wp\/v2\/users\/2"}],"replies":[{"embeddable":true,"href":"https:\/\/klangraumarchitektur.ch\/fr\/wp-json\/wp\/v2\/comments?post=2993"}],"version-history":[{"count":24,"href":"https:\/\/klangraumarchitektur.ch\/fr\/wp-json\/wp\/v2\/pages\/2993\/revisions"}],"predecessor-version":[{"id":3178,"href":"https:\/\/klangraumarchitektur.ch\/fr\/wp-json\/wp\/v2\/pages\/2993\/revisions\/3178"}],"wp:attachment":[{"href":"https:\/\/klangraumarchitektur.ch\/fr\/wp-json\/wp\/v2\/media?parent=2993"}],"curies":[{"name":"wp","href":"https:\/\/api.w.org\/{rel}","templated":true}]}}