{"id":2986,"date":"2024-04-11T07:27:09","date_gmt":"2024-04-11T05:27:09","guid":{"rendered":"https:\/\/klangraumarchitektur.ch\/cest-francais-in-aussenraeumen\/"},"modified":"2025-09-08T12:34:59","modified_gmt":"2025-09-08T10:34:59","slug":"cest-francais-in-aussenraeumen","status":"publish","type":"page","link":"https:\/\/klangraumarchitektur.ch\/fr\/","title":{"rendered":"Pour une meilleure qualit\u00e9 de vie <\/br>dans les espaces ext\u00e9rieurs <br>"},"content":{"rendered":"<div class=\"wpb-content-wrapper\"><p>[vc_row][vc_column width=&#8221;9\/12&#8243;][vc_empty_space empty_h=&#8221;1&#8243; mobile_visibility=&#8221;yes&#8221;][vc_custom_heading auto_text=&#8221;yes&#8221; heading_semantic=&#8221;h1&#8243; text_size=&#8221;h1&#8243; uncode_shortcode_id=&#8221;101108&#8243;]This is a custom heading element.[\/vc_custom_heading][vc_column_text uncode_shortcode_id=&#8221;203053&#8243;]Nous nous promenons dans le quartier, nous rendons sur des aires de jeux avec les enfants, prenons notre repas de midi dans un parc. Pour nous tous, la qualit\u00e9 de s\u00e9jour dans les espaces publics ext\u00e9rieurs est importante, car elle contribue \u00e0 ce que nous puissions nous d\u00e9tendre au quotidien. Notre bien-\u00eatre dans ces lieux est \u00e9galement influenc\u00e9 par divers sons et bruits. Afin de permettre une approche globale de l&#8217;am\u00e9nagement des espaces libres, les aspects acoustiques doivent \u00eatre pris en compte d\u00e8s le d\u00e9but de la planification. La plateforme \u00ab Architecture de l&#8217;espace sonore \u00bb pr\u00e9sente des bases, des id\u00e9es et des exemples \u00e0 l&#8217;intention des cr\u00e9ateurs et cr\u00e9atrices d&#8217;espaces publics ext\u00e9rieurs.[\/vc_column_text][\/vc_column][vc_column width=&#8221;3\/12&#8243;][\/vc_column][\/vc_row][vc_row row_height_percent=&#8221;0&#8243; overlay_alpha=&#8221;50&#8243; gutter_size=&#8221;3&#8243; column_width_percent=&#8221;100&#8243; shift_y=&#8221;0&#8243; z_index=&#8221;0&#8243; uncode_shortcode_id=&#8221;735387&#8243;][vc_column width=&#8221;5\/12&#8243;][vc_empty_space empty_h=&#8221;2&#8243; mobile_visibility=&#8221;yes&#8221;][vc_column_text uncode_shortcode_id=&#8221;500353&#8243;]<\/p>\n<h2>Vivre les espaces sonores<\/h2>\n<p>Pour concevoir des espaces de vie reposants, il est indispensable d&#8217;\u00eatre <em>\u00e0 l&#8217;\u00e9coute<\/em> des lieux. Il faut donc tendre l&#8217;oreille.[\/vc_column_text][vc_column_text uncode_shortcode_id=&#8221;128144&#8243;]<\/p>\n<p style=\"text-align: left;\"><span class=\"arrowUrl\"><a href=\"https:\/\/klangraumarchitektur.ch\/fr\/vivre-les-espaces-sonores\/\">En savoir plus<br \/>\n<\/a><\/span><\/p>\n<p>[\/vc_column_text][vc_empty_space empty_h=&#8221;3&#8243;][vc_column_text uncode_shortcode_id=&#8221;161808&#8243;]<\/p>\n<h2>Comprendre les espaces sonores<\/h2>\n<p>Avant de planifier des espaces ext\u00e9rieurs, il convient d&#8217;analyser la situation acoustique existante. Quels sons entendons-nous et de quelle mani\u00e8re ? Qu&#8217;est-ce qui peut avoir une influence sur la qualit\u00e9 du repos ? Et quels sont les principes et effets acoustiques permettant d&#8217;am\u00e9liorer les espaces sonores ?[\/vc_column_text][vc_column_text uncode_shortcode_id=&#8221;198140&#8243;]<span class=\"arrowUrl\"><a href=\"https:\/\/klangraumarchitektur.ch\/fr\/comprendre-les-espaces-sonores\/\">En savoir plus<\/a><\/span>[\/vc_column_text][vc_empty_space empty_h=&#8221;3&#8243;][vc_column_text uncode_shortcode_id=&#8221;112534&#8243;]<\/p>\n<h2>Planifier les espaces sonores<\/h2>\n<p>Qui initie, planifie et r\u00e9alise les espaces ext\u00e9rieurs dans les zones urbaines ? Quelles exigences en mati\u00e8re d&#8217;am\u00e9nagement du territoire influencent la situation des espaces libres ? Quelle est l&#8217;influence des mesures de lutte contre les fortes chaleurs sur la qualit\u00e9 des espaces sonores ? Quels sont les liens entre les mesures classiques de protection contre le bruit et la qualit\u00e9 acoustique des espaces ext\u00e9rieurs ? Les structures urbaines offrent des conditions cadres pour une bonne architecture des espaces sonores. O\u00f9 se situent les opportunit\u00e9s et o\u00f9 les conflits d&#8217;int\u00e9r\u00eats ? Quelles questions importantes se posent lors de la planification d&#8217;espaces sonores ?[\/vc_column_text][vc_column_text uncode_shortcode_id=&#8221;118480&#8243;]<\/p>\n<p style=\"text-align: left;\"><span class=\"arrowUrl\"><a href=\"https:\/\/klangraumarchitektur.ch\/fr\/planifier-les-espaces-sonores\/\">En savoir plus<\/a><\/span><\/p>\n<p>[\/vc_column_text][\/vc_column][vc_column column_width_percent=&#8221;100&#8243; gutter_size=&#8221;3&#8243; overlay_alpha=&#8221;50&#8243; shift_x=&#8221;0&#8243; shift_y=&#8221;0&#8243; shift_y_down=&#8221;0&#8243; z_index=&#8221;0&#8243; medium_width=&#8221;0&#8243; mobile_width=&#8221;0&#8243; width=&#8221;7\/12&#8243; uncode_shortcode_id=&#8221;147995&#8243;][vc_empty_space empty_h=&#8221;2&#8243; desktop_visibility=&#8221;yes&#8221; medium_visibility=&#8221;yes&#8221;][vc_single_image media=&#8221;2955&#8243; media_width_percent=&#8221;100&#8243; uncode_shortcode_id=&#8221;993557&#8243; el_class=&#8221;bird&#8221;][vc_empty_space empty_h=&#8221;2&#8243; mobile_visibility=&#8221;yes&#8221;][vc_row_inner][vc_column_inner width=&#8221;1\/12&#8243;][\/vc_column_inner][vc_column_inner column_width_percent=&#8221;100&#8243; gutter_size=&#8221;3&#8243; back_color=&#8221;color-66c77a&#8221; overlay_alpha=&#8221;50&#8243; shift_x=&#8221;0&#8243; shift_y=&#8221;0&#8243; shift_y_down=&#8221;0&#8243; z_index=&#8221;0&#8243; medium_width=&#8221;0&#8243; mobile_width=&#8221;0&#8243; width=&#8221;9\/12&#8243; uncode_shortcode_id=&#8221;131868&#8243; back_color_type=&#8221;uncode-palette&#8221;][vc_custom_heading heading_semantic=&#8221;h3&#8243; uncode_shortcode_id=&#8221;178231&#8243;]Espace sonore[\/vc_custom_heading][vc_column_text uncode_shortcode_id=&#8221;122637&#8243;]Par espace sonore, on entend un espace ext\u00e9rieur avec tous ses bruits et ses sons. Des bruits ext\u00e9rieurs, comme par exemple le bruit de la circulation, p\u00e9n\u00e8trent sur une place. Mais l&#8217;espace sonore est \u00e9galement d\u00e9termin\u00e9 par les bruits \u00e0 l&#8217;int\u00e9rieur de l&#8217;espace &#8211; des enfants qui jouent, le gazouillis des oiseaux, des bruits de pas etc. Tous les sons sont \u00e0 leur tour fa\u00e7onn\u00e9s par l&#8217;environnement, notamment les b\u00e2timents, les rev\u00eatements de sol ou la v\u00e9g\u00e9tation.[\/vc_column_text][\/vc_column_inner][vc_column_inner width=&#8221;2\/12&#8243;][\/vc_column_inner][\/vc_row_inner][vc_row_inner][vc_column_inner width=&#8221;1\/12&#8243;][\/vc_column_inner][vc_column_inner width=&#8221;9\/12&#8243;][vc_empty_space empty_h=&#8221;2&#8243; medium_visibility=&#8221;yes&#8221; mobile_visibility=&#8221;yes&#8221;][vc_column_text uncode_shortcode_id=&#8221;162520&#8243;]<\/p>\n<h2>Am\u00e9nager les espaces sonores<\/h2>\n<p>Comment et dans quels domaines de l&#8217;am\u00e9nagement la qualit\u00e9 sonore peut-elle \u00eatre influenc\u00e9e positivement dans les espaces ext\u00e9rieurs nouvellement cr\u00e9\u00e9s ou existants ?[\/vc_column_text][uncode_list uncode_shortcode_id=&#8221;620510&#8243;]<\/p>\n<ul>\n<li>Terrain et structuration<\/li>\n<li>B\u00e2timents, petites constructions et murs<\/li>\n<li>Parois et fa\u00e7ades<\/li>\n<li>Sol et chemins<\/li>\n<li>Plantes et animaux<\/li>\n<li>Eau<\/li>\n<li>Art sonore<\/li>\n<\/ul>\n<p>[\/uncode_list][vc_column_text uncode_shortcode_id=&#8221;110422&#8243;]<\/p>\n<p style=\"text-align: left;\"><span class=\"arrowUrl\"><a href=\"https:\/\/klangraumarchitektur.ch\/fr\/amenager-les-espaces-sonores\/\">En savoir plus<\/a><\/span><\/p>\n<p>[\/vc_column_text][vc_empty_space empty_h=&#8221;2&#8243; mobile_visibility=&#8221;yes&#8221;][\/vc_column_inner][vc_column_inner width=&#8221;2\/12&#8243;][\/vc_column_inner][\/vc_row_inner][\/vc_column][\/vc_row][vc_row][vc_column width=&#8221;1\/1&#8243;][vc_empty_space empty_h=&#8221;0&#8243; mobile_visibility=&#8221;yes&#8221;][vc_column_text uncode_shortcode_id=&#8221;186546&#8243;]<\/p>\n<h2><span class=\"arrowOnlyUrl\">Exemples, \u00e9coute critique<br \/>\n<\/span><\/h2>\n<p>[\/vc_column_text][vc_row_inner][vc_column_inner column_width_percent=&#8221;100&#8243; gutter_size=&#8221;3&#8243; overlay_alpha=&#8221;50&#8243; shift_x=&#8221;0&#8243; shift_y=&#8221;0&#8243; shift_y_down=&#8221;0&#8243; z_index=&#8221;0&#8243; medium_width=&#8221;0&#8243; mobile_width=&#8221;0&#8243; width=&#8221;2\/12&#8243; uncode_shortcode_id=&#8221;171147&#8243; el_class=&#8221;start-example&#8221;][vc_column_text uncode_shortcode_id=&#8221;329451&#8243;]<span class=\"arrowOnlyUrlFront\"><a href=\"https:\/\/klangraumarchitektur.ch\/fr\/cest-un-test\/\">Exemples<br \/>\n<\/a><\/span><br \/>\n<span class=\"arrowOnlyUrlFront\"><a href=\"https:\/\/klangraumarchitektur.ch\/fr\/cest-un-test\/#park\">Parcs<\/a><br \/>\n<a href=\"https:\/\/klangraumarchitektur.ch\/fr\/cest-un-test\/#platz\">Places<\/a><br \/>\n<a href=\"https:\/\/klangraumarchitektur.ch\/fr\/cest-un-test\/#innenhof\">Cours int\u00e9rieures<\/a><\/span>[\/vc_column_text][\/vc_column_inner][vc_column_inner width=&#8221;3\/12&#8243;][vc_column_text uncode_shortcode_id=&#8221;180875&#8243;]<span style=\"font-size: 0.75em;\">\u00c9valuation de la qualit\u00e9 sonore<br \/>\nTerrain et structuration<br \/>\nB\u00e2timents, petites constructions et murs<br \/>\nParois et fa\u00e7ades<br \/>\nSol et chemins<br \/>\nPlantes et animaux<br \/>\nEau<br \/>\nArt sonore<\/span>[\/vc_column_text][\/vc_column_inner][vc_column_inner width=&#8221;6\/12&#8243;][vc_column_text uncode_shortcode_id=&#8221;139677&#8243;]<div id=\"metaslider-id-1356\" style=\"width: 100%;\" class=\"ml-slider-3-108-0 metaslider metaslider-flex metaslider-1356 ml-slider has-dots-nav ml-slider-lightbox-2-23-0 lightbox-disabled ms-theme-architekt\" role=\"region\" aria-label=\"Beispiele Startseite\" data-height=\"506\" data-width=\"900\">\n    <div id=\"metaslider_container_1356\">\n        <div id=\"metaslider_1356\" class=\"flexslider\">\n            <ul class='slides'>\n                <li style=\"display: block; width: 100%;\" class=\"slide-2303 ms-image \" aria-roledescription=\"slide\" data-date=\"2024-03-07 13:42:26\" data-filename=\"Biel-Suze-Startslider.jpg\" data-slide-type=\"image\"><a href=\"https:\/\/klangraumarchitektur.ch\/klangraeume-kritisch-gehoert\/stadtpark-schuessinsel-in-biel\/\" target=\"_self\" aria-label=\"Voir les d\u00e9tails de la diapositive\" class=\"metaslider_image_link\"><img decoding=\"async\" src=\"https:\/\/klangraumarchitektur.ch\/wp-content\/uploads\/Biel-Suze-Startslider.jpg\" height=\"506\" width=\"900\" alt=\"\" class=\"slider-1356 slide-2303 msDefaultImage\" title=\"Biel-Suze-Startslider\" \/><\/a><div class=\"caption-wrap\"><div class=\"caption\"><div><a href=\"..\/klangraeume-kritisch-gehoert\/stadtpark-schuessinsel-in-biel\/\">Stadtpark Sch\u00fcssinsel in Biel BE<\/a><\/div><\/div><\/div><\/li>\n                <li style=\"display: none; width: 100%;\" class=\"slide-1593 ms-image \" aria-roledescription=\"slide\" data-date=\"2023-08-14 10:20:12\" data-filename=\"Zuerich_PARK_AM_WASSER_startslider-650x365.jpg\" data-slide-type=\"image\"><a href=\"https:\/\/klangraumarchitektur.ch\/klangraeume-kritisch-gehoert\/park-am-wasser-in-zuerich\/\" target=\"_self\" aria-label=\"Voir les d\u00e9tails de la diapositive\" class=\"metaslider_image_link\"><img decoding=\"async\" src=\"https:\/\/klangraumarchitektur.ch\/wp-content\/uploads\/Zuerich_PARK_AM_WASSER_startslider-650x365.jpg\" height=\"506\" width=\"900\" alt=\"\" class=\"slider-1356 slide-1593 msDefaultImage\" title=\"Zuerich_PARK_AM_WASSER_startslider\" \/><\/a><div class=\"caption-wrap\"><div class=\"caption\"><div><a href=\"..\/klangraeume-kritisch-gehoert\/park-am-wasser-in-zuerich\/\">Park am Wasser in Z\u00fcrich ZH<\/a><\/div><\/div><\/div><\/li>\n                <li style=\"display: none; width: 100%;\" class=\"slide-1591 ms-image \" aria-roledescription=\"slide\" data-date=\"2023-08-14 10:20:12\" data-filename=\"Bruehgutpark_P1001056gesamt.jpg\" data-slide-type=\"image\"><a href=\"https:\/\/klangraumarchitektur.ch\/klangraeume-kritisch-gehoert\/bruehlgutpark-in-winterthur\/\" target=\"_self\" aria-label=\"Voir les d\u00e9tails de la diapositive\" class=\"metaslider_image_link\"><img decoding=\"async\" src=\"https:\/\/klangraumarchitektur.ch\/wp-content\/uploads\/Bruehgutpark_P1001056gesamt.jpg\" height=\"506\" width=\"900\" alt=\"\" class=\"slider-1356 slide-1591 msDefaultImage\" title=\"Bruehgutpark_P1001056gesamt\" \/><\/a><div class=\"caption-wrap\"><div class=\"caption\"><div><a href=\"..\/klangraeume-kritisch-gehoert\/bruehlgutpark-in-winterthur\/\">Br\u00fchlgutpark in Winterthur<\/a><\/div><\/div><\/div><\/li>\n                <li style=\"display: none; width: 100%;\" class=\"slide-1589 ms-image \" aria-roledescription=\"slide\" data-date=\"2023-08-14 10:20:11\" data-filename=\"gustav_gull_platz_startslider-649x365.jpg\" data-slide-type=\"image\"><a href=\"https:\/\/klangraumarchitektur.ch\/klangraeume-kritisch-gehoert\/gustav-gull-platz-in-zuerich\/\" target=\"_self\" aria-label=\"Voir les d\u00e9tails de la diapositive\" class=\"metaslider_image_link\"><img decoding=\"async\" src=\"https:\/\/klangraumarchitektur.ch\/wp-content\/uploads\/gustav_gull_platz_startslider-649x365.jpg\" height=\"506\" width=\"900\" alt=\"\" class=\"slider-1356 slide-1589 msDefaultImage\" title=\"gustav_gull_platz_startslider\" \/><\/a><div class=\"caption-wrap\"><div class=\"caption\"><div><a href=\"..\/klangraeume-kritisch-gehoert\/gustav-gull-platz-in-zuerich\/\">Gustav Gull-Platz in Z\u00fcrich ZH<\/a><\/div><\/div><\/div><\/li>\n                <li style=\"display: none; width: 100%;\" class=\"slide-1361 ms-image \" aria-roledescription=\"slide\" data-date=\"2023-07-26 22:23:24\" data-filename=\"Luzern-Helvetiaplatz-P1000997enh-1.jpg\" data-slide-type=\"image\"><a href=\"https:\/\/klangraumarchitektur.ch\/klangraeume-kritisch-gehoert\/helvetiaplatz-in-luzern\/\" target=\"_self\" aria-label=\"Voir les d\u00e9tails de la diapositive\" class=\"metaslider_image_link\"><img decoding=\"async\" src=\"https:\/\/klangraumarchitektur.ch\/wp-content\/uploads\/Luzern-Helvetiaplatz-P1000997enh-1.jpg\" height=\"506\" width=\"900\" alt=\"\" class=\"slider-1356 slide-1361 msDefaultImage\" title=\"Luzern-Helvetiaplatz-P1000997enh\" \/><\/a><div class=\"caption-wrap\"><div class=\"caption\"><div><a href=\"..\/klangraeume-kritisch-gehoert\/helvetiaplatz-in-luzern\/\">Helvetiaplatz in Luzern LU<\/a><\/div><\/div><\/div><\/li>\n                <li style=\"display: none; width: 100%;\" class=\"slide-1590 ms-image \" aria-roledescription=\"slide\" data-date=\"2023-08-14 10:20:11\" data-filename=\"Muensterhof_zuerich_startslider-650x365.jpg\" data-slide-type=\"image\"><a href=\"https:\/\/klangraumarchitektur.ch\/klangraeume-kritisch-gehoert\/muensterhof-in-zuerich\/\" target=\"_self\" aria-label=\"Voir les d\u00e9tails de la diapositive\" class=\"metaslider_image_link\"><img decoding=\"async\" src=\"https:\/\/klangraumarchitektur.ch\/wp-content\/uploads\/Muensterhof_zuerich_startslider-650x365.jpg\" height=\"506\" width=\"900\" alt=\"\" class=\"slider-1356 slide-1590 msDefaultImage\" title=\"Muensterhof_zuerich_startslider\" \/><\/a><div class=\"caption-wrap\"><div class=\"caption\"><div><a href=\"..\/klangraeume-kritisch-gehoert\/muensterhof-in-zuerich\/\">M\u00fcnsterhof in Z\u00fcrich ZH<\/a><\/div><\/div><\/div><\/li>\n                <li style=\"display: none; width: 100%;\" class=\"slide-1592 ms-image \" aria-roledescription=\"slide\" data-date=\"2023-08-14 10:20:12\" data-filename=\"Luzern-Himmelrich-startslider.jpg\" data-slide-type=\"image\"><a href=\"https:\/\/klangraumarchitektur.ch\/klangraeume-kritisch-gehoert\/innenhof-himmelrich-2-in-luzern\/\" target=\"_self\" aria-label=\"Voir les d\u00e9tails de la diapositive\" class=\"metaslider_image_link\"><img decoding=\"async\" src=\"https:\/\/klangraumarchitektur.ch\/wp-content\/uploads\/Luzern-Himmelrich-startslider.jpg\" height=\"506\" width=\"900\" alt=\"\" class=\"slider-1356 slide-1592 msDefaultImage\" title=\"Luzern-Himmelrich-startslider\" \/><\/a><div class=\"caption-wrap\"><div class=\"caption\"><div><a href=\"..\/klangraeume-kritisch-gehoert\/innenhof-himmelrich-2-in-luzern\/\">Himmelrich 2 in Luzern LU<\/a><\/div><\/div><\/div><\/li>\n                <li style=\"display: none; width: 100%;\" class=\"slide-2304 ms-image \" aria-roledescription=\"slide\" data-date=\"2024-03-07 13:47:10\" data-filename=\"Bruenighof-Luzern-total-227.jpg\" data-slide-type=\"image\"><a href=\"https:\/\/klangraumarchitektur.ch\/klangraeume-kritisch-gehoert\/bruenighof-in-luzern\/\" target=\"_self\" aria-label=\"Voir les d\u00e9tails de la diapositive\" class=\"metaslider_image_link\"><img decoding=\"async\" src=\"https:\/\/klangraumarchitektur.ch\/wp-content\/uploads\/Bruenighof-Luzern-total-227.jpg\" height=\"506\" width=\"900\" alt=\"\" class=\"slider-1356 slide-2304 msDefaultImage\" title=\"Bruenighof-Luzern-total-227\" \/><\/a><div class=\"caption-wrap\"><div class=\"caption\"><div><a href=\"..\/klangraeume-kritisch-gehoert\/bruenighof-in-luzern\/\">Br\u00fcnighof in Luzern<\/a><\/div><\/div><\/div><\/li>\n                <li style=\"display: none; width: 100%;\" class=\"slide-2305 ms-image \" aria-roledescription=\"slide\" data-date=\"2024-03-07 13:48:51\" data-filename=\"LH-P1001018-1.jpg\" data-slide-type=\"image\"><a href=\"https:\/\/klangraumarchitektur.ch\/klangraeume-kritisch-gehoert\/limmathof-in-dietikon-zh\/\" target=\"_self\" aria-label=\"Voir les d\u00e9tails de la diapositive\" class=\"metaslider_image_link\"><img decoding=\"async\" src=\"https:\/\/klangraumarchitektur.ch\/wp-content\/uploads\/LH-P1001018-1.jpg\" height=\"506\" width=\"900\" alt=\"\" class=\"slider-1356 slide-2305 msDefaultImage\" title=\"LH-P1001018\" \/><\/a><div class=\"caption-wrap\"><div class=\"caption\"><div><a href=\"..\/klangraeume-kritisch-gehoert\/limmathof-in-dietikon-zh\/\">Limmathof in Dietikon ZH<\/a><\/div><\/div><\/div><\/li>\n            <\/ul>\n        <\/div>\n        \n    <\/div>\n<\/div>[\/vc_column_text][\/vc_column_inner][vc_column_inner width=&#8221;1\/12&#8243;][\/vc_column_inner][\/vc_row_inner][\/vc_column][\/vc_row]<\/p>\n<\/div>","protected":false},"excerpt":{"rendered":"<p>[vc_row][vc_column width=&#8221;9\/12&#8243;][vc_empty_space empty_h=&#8221;1&#8243; mobile_visibility=&#8221;yes&#8221;][vc_custom_heading auto_text=&#8221;yes&#8221; heading_semantic=&#8221;h1&#8243; text_size=&#8221;h1&#8243; uncode_shortcode_id=&#8221;101108&#8243;]This is a custom heading element.[\/vc_custom_heading][vc_column_text uncode_shortcode_id=&#8221;203053&#8243;]Nous nous promenons dans le quartier, nous [&hellip;]<\/p>\n","protected":false},"author":1,"featured_media":0,"parent":0,"menu_order":0,"comment_status":"closed","ping_status":"closed","template":"","meta":{"_themeisle_gutenberg_block_has_review":false,"footnotes":""},"class_list":["post-2986","page","type-page","status-publish","hentry"],"_links":{"self":[{"href":"https:\/\/klangraumarchitektur.ch\/fr\/wp-json\/wp\/v2\/pages\/2986","targetHints":{"allow":["GET"]}}],"collection":[{"href":"https:\/\/klangraumarchitektur.ch\/fr\/wp-json\/wp\/v2\/pages"}],"about":[{"href":"https:\/\/klangraumarchitektur.ch\/fr\/wp-json\/wp\/v2\/types\/page"}],"author":[{"embeddable":true,"href":"https:\/\/klangraumarchitektur.ch\/fr\/wp-json\/wp\/v2\/users\/1"}],"replies":[{"embeddable":true,"href":"https:\/\/klangraumarchitektur.ch\/fr\/wp-json\/wp\/v2\/comments?post=2986"}],"version-history":[{"count":33,"href":"https:\/\/klangraumarchitektur.ch\/fr\/wp-json\/wp\/v2\/pages\/2986\/revisions"}],"predecessor-version":[{"id":3229,"href":"https:\/\/klangraumarchitektur.ch\/fr\/wp-json\/wp\/v2\/pages\/2986\/revisions\/3229"}],"wp:attachment":[{"href":"https:\/\/klangraumarchitektur.ch\/fr\/wp-json\/wp\/v2\/media?parent=2986"}],"curies":[{"name":"wp","href":"https:\/\/api.w.org\/{rel}","templated":true}]}}